{"id":398977,"date":"2020-08-10T09:46:30","date_gmt":"2020-08-10T09:46:30","guid":{"rendered":"https:\/\/www.valdeloire-foretdorleans.com\/at-the-crossroads-of-the-loire-a-velo-and-scandiberique-cycle-routes\/"},"modified":"2023-10-28T12:48:06","modified_gmt":"2023-10-28T12:48:06","slug":"at-the-crossroads-of-the-loire-a-velo-and-scandiberique-cycle-routes","status":"publish","type":"page","link":"https:\/\/www.valdeloire-foretdorleans.com\/en\/at-the-crossroads-of-the-loire-a-velo-and-scandiberique-cycle-routes\/","title":{"rendered":"At the crossroads of the Loire \u00e0 V\u00e9lo and Scandib\u00e9rique cycle routes"},"content":{"rendered":"<div class=\"wpb-content-wrapper\"><p>[vc_row][vc_column][vc_column_text]<\/p>\n<h2 style=\"text-align: center;\">The Scandiberique cycle route in the Loire Valley and Orl\u00e9ans Forest<\/h2>\n<p style=\"text-align: center;\">The French part of<strong> EuroV\u00e9lo3<\/strong>, the <a href=\"https:\/\/scandiberique.fr\/\" target=\"_blank\" rel=\"noopener noreferrer\"><strong>Scandib\u00e9rique<\/strong><\/a> cycle route <strong>links the town of Trondheim in Norway to Santiago de Compostela in Spain.<\/strong><\/p>\n<p>[\/vc_column_text][vc_column_text]<\/p>\n<p style=\"text-align: center;\">It crosses a number of countries including Norway, Sweden, Denmark, Germany, Belgium, France from north to south and Spain.<\/p>\n<p>[\/vc_column_text][vc_column_text]<\/p>\n<p style=\"text-align: center;\">It begins at the Belgian border in the northern d\u00e9partement and ends at Saint-Jean-Pied-de-Port.<\/p>\n<p>[\/vc_column_text][vc_empty_space height=&#8221;10px&#8221;][vc_column_text]<\/p>\n<p style=\"text-align: center;\">This 1,700km cycle route is the longest in France, crossing 6 regions and 20 d\u00e9partements.<\/p>\n<p style=\"text-align: center;\">The safe Scandib\u00e9rique cycle route is signposted for cycling and walking.<\/p>\n<p>[\/vc_column_text][vc_empty_space height=&#8221;10px&#8221;][vc_column_text]<\/p>\n<p style=\"text-align: center;\">The <strong>Scandib\u00e9rique cycle route is a direct link between Paris and the Loire \u00e0 V\u00e9lo,<\/strong><br \/>\nand <strong>goes through the &#8220;Val de LOIRE &amp; FOR\u00caET d&#8217;Orl\u00e9ans&#8221;.<\/strong><\/p>\n<p style=\"text-align: center;\">In the Val de LOIRE &amp; FOR\u00caT d&#8217;Orl\u00e9ans, it follows the route of the Loire \u00e0 V\u00e9lo along the Loire, from Ch\u00e2teauneuf-sur-Loire to Sandillon.<br \/>\nTake advantage of a stopover in Ch\u00e2teauneuf to visit the <strong><a href=\"https:\/\/www.valdeloire-foretdorleans.com\/musee-de-la-marine-de-loire\/\" target=\"_blank\" rel=\"noopener\">Mus\u00e9e de la Marine de Loire<\/a><\/strong> and the <strong><a href=\"https:\/\/www.valdeloire-foretdorleans.com\/parc-naturel-departemental-de-chateauneuf-sur-loire\/\" target=\"_blank\" rel=\"noopener\">Parc du Ch\u00e2teau<\/a><\/strong><br \/>\nIn Jargeau, follow in the footsteps of Joan of Arc in the town centre or visit the <strong><a href=\"https:\/\/www.valdeloire-foretdorleans.com\/maison-de-loire-du-loiret\/\" target=\"_blank\" rel=\"noopener\">Maison de Loire du Loiret<\/a><\/strong>.<\/p>\n<p>[\/vc_column_text][\/vc_column][\/vc_row][vc_row][vc_column][vc_empty_space][\/vc_column][\/vc_row][vc_row][vc_column width=&#8221;1\/2&#8243;][vc_single_image image=&#8221;12815&#8243; img_size=&#8221;medium&#8221; alignment=&#8221;center&#8221; style=&#8221;vc_box_rounded&#8221; onclick=&#8221;img_link_large&#8221; img_link_target=&#8221;_blank&#8221;][\/vc_column][vc_column width=&#8221;1\/2&#8243;][vc_column_text]<div style=\"text-align: center; width:480px; margin: 12px auto;\"><div style=\"margin: 4px 0px;\"><a href=\"http:\/\/calameo.com\/books\/005896926cdbb616aac1b\">View this publication on Calam&eacute;o<\/a><\/div><iframe loading=\"lazy\" src=\"\/\/v.calameo.com\/?bkcode=005896926cdbb616aac1b&amp;language=en&amp;page=&amp;showsharemenu=true&amp;clickTo=embed&amp;clickTarget=_self&amp;clickToUrl=&amp;autoFlip=0&amp;mode=mini&amp;wmode=transparent\" width=\"480\" height=\"300\" style=\"width:480px;height:300px\" frameborder=\"0\" scrolling=\"no\" allowtransparency allowfullscreen><\/iframe><div style=\"margin: 4px 0px; font-size: 90%;\"><a rel=\"nofollow\" href=\"http:\/\/calameo.com\/upload\">Publish<\/a> at <a href=\"http:\/\/calameo.com\">Calam&eacute;o<\/a> or <a href=\"http:\/\/calameo.com\/browse\/weekly\/?o=7&amp;w=DESC\">browse<\/a> the library.<\/div><\/div>[\/vc_column_text][vc_column_text]<\/p>\n<p style=\"text-align: center;\"><strong>Download our tourist map.<\/strong><\/p>\n<p style=\"text-align: center;\"><a href=\"https:\/\/www.valdeloire-foretdorleans.com\/wp-content\/uploads\/2019\/05\/2017.06.29_carte_touristique_verso_ACTUAL_U4675.pdf\" target=\"_blank\" rel=\"noopener noreferrer\">LOIRE Valley &amp; Orl\u00e9ans FOREST tourist map<\/a><\/p>\n<p>[\/vc_column_text][\/vc_column][\/vc_row]<\/p>\n<\/div>","protected":false},"excerpt":{"rendered":"<p>[vc_row][vc_column][vc_column_text] The Scandiberique cycle route in the Loire Valley and Orl\u00e9ans Forest The French part of EuroV\u00e9lo3, the Scandib\u00e9rique cycle route links the town of Trondheim in Norway to Santiago de Compostela in Spain. [\/vc_column_text][vc_column_text] It crosses a number of countries including Norway, Sweden, Denmark, Germany, Belgium, France from north to south and Spain. [\/vc_column_text][vc_column_text] [&hellip;]<\/p>\n","protected":false},"author":2,"featured_media":421482,"parent":0,"menu_order":28,"comment_status":"closed","ping_status":"closed","template":"","meta":{"_acf_changed":false,"footnotes":""},"class_list":["post-398977","page","type-page","status-publish","has-post-thumbnail","hentry"],"acf":[],"_links":{"self":[{"href":"https:\/\/www.valdeloire-foretdorleans.com\/en\/wp-json\/wp\/v2\/pages\/398977","targetHints":{"allow":["GET"]}}],"collection":[{"href":"https:\/\/www.valdeloire-foretdorleans.com\/en\/wp-json\/wp\/v2\/pages"}],"about":[{"href":"https:\/\/www.valdeloire-foretdorleans.com\/en\/wp-json\/wp\/v2\/types\/page"}],"author":[{"embeddable":true,"href":"https:\/\/www.valdeloire-foretdorleans.com\/en\/wp-json\/wp\/v2\/users\/2"}],"replies":[{"embeddable":true,"href":"https:\/\/www.valdeloire-foretdorleans.com\/en\/wp-json\/wp\/v2\/comments?post=398977"}],"version-history":[{"count":4,"href":"https:\/\/www.valdeloire-foretdorleans.com\/en\/wp-json\/wp\/v2\/pages\/398977\/revisions"}],"predecessor-version":[{"id":1194711,"href":"https:\/\/www.valdeloire-foretdorleans.com\/en\/wp-json\/wp\/v2\/pages\/398977\/revisions\/1194711"}],"wp:featuredmedia":[{"embeddable":true,"href":"https:\/\/www.valdeloire-foretdorleans.com\/en\/wp-json\/wp\/v2\/media\/421482"}],"wp:attachment":[{"href":"https:\/\/www.valdeloire-foretdorleans.com\/en\/wp-json\/wp\/v2\/media?parent=398977"}],"curies":[{"name":"wp","href":"https:\/\/api.w.org\/{rel}","templated":true}]}}