{"id":398969,"date":"2020-08-10T09:46:30","date_gmt":"2020-08-10T09:46:30","guid":{"rendered":"https:\/\/www.valdeloire-foretdorleans.com\/one-week-or-more\/"},"modified":"2023-08-05T13:22:06","modified_gmt":"2023-08-05T13:22:06","slug":"one-week-or-more","status":"publish","type":"page","link":"https:\/\/www.valdeloire-foretdorleans.com\/en\/one-week-or-more\/","title":{"rendered":"One week or more"},"content":{"rendered":"<div class=\"wpb-content-wrapper\"><p>[vc_row][vc_column][vc_column_text]<\/p>\n<p style=\"text-align: center;\">Take your time&#8230; to be a\u00a0<strong>tourist in the<\/strong> <strong>Loire Valley<\/strong>, pedal your way round our trails, paddle with your family on the Loire or hike in the <strong>Orl\u00e9ans Forest<\/strong>. You&#8217;re sure to find a perfect home-from-home in a cottage, campsite or hotel in the <strong>Loire Valley. <\/strong>Plan your<strong>\u00a0tour of the Loire Valley.<\/strong><\/p>\n<p style=\"text-align: center;\"><strong><br \/>\n<\/strong>Some suggestions:<\/p>\n<p style=\"text-align: center;\"><strong> Day 1:<\/strong> explore the <strong><a href=\"https:\/\/www.valdeloire-foretdorleans.com\/musee-de-la-marine-de-loire\/\">Mus\u00e9e de la Marine de Loire<\/a> <\/strong>museum, hike in the Orl\u00e9ans Forest and climb the Belv\u00e9d\u00e8re des Caillettes viewing platform<br \/>\n<strong>Day 2:<\/strong> pedal the Loire \u00e0 V\u00e9lo cycle route with a lunch break in one of the picnic areas.<br \/>\n<strong>Day 3:<\/strong> visit the church of Germigny-des-Pr\u00e9s and the abbey in Saint-Beno\u00eet-sur-Loire and <strong><a href=\"http:\/\/www.passeursdeloire.fr\/fr\/\">take a boat trip on the river<\/a><\/strong><br \/>\n<strong>Day 4:<\/strong> hike between Ch\u00e2teauneuf-sur-Loire and Jargeau on the <strong><a href=\"https:\/\/www.valdeloire-foretdorleans.com\/experience-nature\/circuit-des-deux-ponts-chateauneuf-sur-loire-jargeau\/\">Two Bridges walking trail,<\/a><\/strong> and choose between a picnic or restaurant meal.<br \/>\n<strong>Day 5:<\/strong> paddle <strong><a href=\"https:\/\/www.valdeloire-foretdorleans.com\/accueil\/en-bateau-chateauneuf-sur-loire-jargeau\/\">down the Loire in a canoe<\/a><\/strong>, stop off to visit the old port in Ch\u00e2teauneuf-sur-Loire or the old medieval town of Jargeau<br \/>\n<strong>Day 6:<\/strong> prepare your picnic, <strong><a href=\"https:\/\/www.valdeloire-foretdorleans.com\/peche-en-loire-et-canal-dorleans-chateauneuf-sur-loire-jargeau\/\">get out the fishing rods<\/a><\/strong> and enjoy a relaxing break on the banks of the Orl\u00e9ans Canal.<\/p>\n<p>&nbsp;<\/p>\n<p style=\"text-align: center;\"><strong><a href=\"https:\/\/www.tourismeloiret.com\/fr\/dormir\/tous-les-hebergements\">All the accommodation options in the Loiret are here.<\/a><\/strong><\/p>\n<p>[\/vc_column_text][\/vc_column][\/vc_row][vc_row][vc_column][vc_wp_custommenu nav_menu=&#8221;38&#8243;][\/vc_column][\/vc_row]<\/p>\n<\/div>","protected":false},"excerpt":{"rendered":"<p>[vc_row][vc_column][vc_column_text] Take your time&#8230; to be a\u00a0tourist in the Loire Valley, pedal your way round our trails, paddle with your family on the Loire or hike in the Orl\u00e9ans Forest. You&#8217;re sure to find a perfect home-from-home in a cottage, campsite or hotel in the Loire Valley. Plan your\u00a0tour of the Loire Valley. Some suggestions: [&hellip;]<\/p>\n","protected":false},"author":2,"featured_media":535407,"parent":0,"menu_order":25,"comment_status":"closed","ping_status":"closed","template":"","meta":{"_acf_changed":false,"footnotes":""},"class_list":["post-398969","page","type-page","status-publish","has-post-thumbnail","hentry"],"acf":[],"_links":{"self":[{"href":"https:\/\/www.valdeloire-foretdorleans.com\/en\/wp-json\/wp\/v2\/pages\/398969","targetHints":{"allow":["GET"]}}],"collection":[{"href":"https:\/\/www.valdeloire-foretdorleans.com\/en\/wp-json\/wp\/v2\/pages"}],"about":[{"href":"https:\/\/www.valdeloire-foretdorleans.com\/en\/wp-json\/wp\/v2\/types\/page"}],"author":[{"embeddable":true,"href":"https:\/\/www.valdeloire-foretdorleans.com\/en\/wp-json\/wp\/v2\/users\/2"}],"replies":[{"embeddable":true,"href":"https:\/\/www.valdeloire-foretdorleans.com\/en\/wp-json\/wp\/v2\/comments?post=398969"}],"version-history":[{"count":1,"href":"https:\/\/www.valdeloire-foretdorleans.com\/en\/wp-json\/wp\/v2\/pages\/398969\/revisions"}],"predecessor-version":[{"id":1195202,"href":"https:\/\/www.valdeloire-foretdorleans.com\/en\/wp-json\/wp\/v2\/pages\/398969\/revisions\/1195202"}],"wp:featuredmedia":[{"embeddable":true,"href":"https:\/\/www.valdeloire-foretdorleans.com\/en\/wp-json\/wp\/v2\/media\/535407"}],"wp:attachment":[{"href":"https:\/\/www.valdeloire-foretdorleans.com\/en\/wp-json\/wp\/v2\/media?parent=398969"}],"curies":[{"name":"wp","href":"https:\/\/api.w.org\/{rel}","templated":true}]}}