{"id":398954,"date":"2020-08-10T09:45:32","date_gmt":"2020-08-10T09:45:32","guid":{"rendered":"https:\/\/www.valdeloire-foretdorleans.com\/tourist-office-hours\/"},"modified":"2023-10-10T14:29:49","modified_gmt":"2023-10-10T14:29:49","slug":"tourist-office-hours","status":"publish","type":"page","link":"https:\/\/www.valdeloire-foretdorleans.com\/en\/practical-info\/tourist-office-hours\/","title":{"rendered":"Opening hours of the Ch\u00e2teauneuf-sur-Loire and Jargeau Tourist Offices"},"content":{"rendered":"<div class=\"wpb-content-wrapper\"><p>[vc_row][vc_column width=&#8221;1\/6&#8243;][vc_single_image image=&#8221;70390&#8243; img_size=&#8221;medium&#8221; alignment=&#8221;center&#8221;][\/vc_column][vc_column width=&#8221;2\/3&#8243;][vc_column_text]<\/p>\n<h2 style=\"text-align: center;\">The reception offices of the Val de Loire and For\u00eat d&#8217;Orl\u00e9ans Intercommunal Tourist Office<br \/>\nwelcome you to Ch\u00e2teauneuf-sur-Loire and Jargeau in the Loiret department<\/h2>\n<p>[\/vc_column_text][vc_empty_space][vc_separator color=&#8221;custom&#8221; style=&#8221;double&#8221; border_width=&#8221;2&#8243; el_width=&#8221;60&#8243; accent_color=&#8221;#700000&#8243;][vc_empty_space][\/vc_column][vc_column width=&#8221;1\/6&#8243;][vc_single_image image=&#8221;70394&#8243; img_size=&#8221;medium&#8221; alignment=&#8221;center&#8221;][\/vc_column][\/vc_row][vc_row][vc_column][vc_row_inner][vc_column_inner width=&#8221;1\/2&#8243;][vc_column_text]<\/p>\n<h2 style=\"text-align: center;\"><span style=\"color: #360202;\">The Ch\u00e2teauneuf-sur-Loire Office is open<\/span><\/h2>\n<p style=\"text-align: center;\"><strong>April to October<\/strong><br \/>\nTuesday to Saturday, 10am to 12.30pm and 2pm to 6pm<br \/>\nSundays and public holidays in July and August from 10am to 12.30pm<\/p>\n<p style=\"text-align: center;\"><strong>November to March<\/strong><br \/>\nWednesday to Saturday, 10am to 12.30pm and 2pm to 6pm<\/p>\n<p>&nbsp;<\/p>\n<p style=\"text-align: center;\"><strong>Phone number:<\/strong> 02.38.58.44.79<\/p>\n<p>[\/vc_column_text][\/vc_column_inner][vc_column_inner width=&#8221;1\/2&#8243;][vc_column_text]<\/p>\n<h2 style=\"text-align: center;\"><span style=\"color: #300404;\">The Jargeau Office is open<\/span><\/h2>\n<p style=\"text-align: center;\"><strong>from June to September<\/strong><br \/>\nWednesday to Saturday, 10am to 12.30pm and 2pm to 6pm<\/p>\n<p style=\"text-align: center;\"><strong>October to May<\/strong><br \/>\nWednesday and Saturday, 10am to 12.30pm and 2pm to 5pm<\/p>\n<p>&nbsp;<\/p>\n<p>&nbsp;<\/p>\n<p style=\"text-align: center;\"><strong>Phone number:<\/strong> 02.38.59.83.42<\/p>\n<p>[\/vc_column_text][\/vc_column_inner][\/vc_row_inner]\n\n\n    <!-- DEBUT AFFICHAGE -->\n    \n\n\n\n\n    <div class=\"listeitems\"><div class=\"col-sm-12 colonneitems sanscarte\"><div id=\"listItems0\"><\/div><div class=\"loadmore\"><div class=\"listloader\" id=\"loader0\" hidden><img decoding=\"async\" src=\"\/wp-content\/themes\/valdeloireetforet\/images\/loader.svg\" alt=\"Loader\"><\/div><button class=\"ye_boutGrand voirsuite\" onclick=\"displayItems0();\" id=\"voirlasuite0\">Voir la suite<\/button><\/div><\/div><\/div>\n    <!-- pour sticky ok -->\n    <div style=\"color: transparent;\">-<\/div>\n\n\n\n\n\n\n    <script type=\"text\/javascript\">\n      var layers0 = [];\n      var mymap0;\n      var page0 = 0;\n      var allItems0 = [{\"ID\":1197774,\"post_author\":\"0\",\"post_date\":\"2026-05-07 02:44:27\",\"post_date_gmt\":\"2026-05-07 02:44:27\",\"post_content\":\"\",\"post_title\":\"Office de tourisme Val de Loire &amp; For\\u00eat d'Orl\\u00e9ans - Bureau de Jargeau\",\"post_excerpt\":\"\",\"post_status\":\"publish\",\"comment_status\":\"closed\",\"ping_status\":\"closed\",\"post_password\":\"\",\"post_name\":\"office-de-tourisme-val-de-loire-foret-dorleans-bureau-de-jargeau\",\"to_ping\":\"\",\"pinged\":\"\",\"post_modified\":\"2026-05-07 02:44:27\",\"post_modified_gmt\":\"2026-05-07 02:44:27\",\"post_content_filtered\":\"\",\"post_parent\":0,\"guid\":\"https:\\\/\\\/www.valdeloire-foretdorleans.com\\\/office-de-tourisme-val-de-loire-foret-dorleans-bureau-de-jargeau\\\/\",\"menu_order\":0,\"post_type\":\"articlesyatadata\",\"post_mime_type\":\"\",\"comment_count\":\"0\",\"filter\":\"raw\",\"permalink\":\"https:\\\/\\\/www.valdeloire-foretdorleans.com\\\/en\\\/office-de-tourisme-val-de-loire-foret-dorleans-bureau-de-jargeau\\\/\"},{\"ID\":1197773,\"post_author\":\"0\",\"post_date\":\"2026-05-07 02:44:26\",\"post_date_gmt\":\"2026-05-07 02:44:26\",\"post_content\":\"\",\"post_title\":\"Office de tourisme Val de Loire &amp; For\\u00eat d'Orl\\u00e9ans - Bureau de Ch\\u00e2teauneuf-sur-Loire\",\"post_excerpt\":\"\",\"post_status\":\"publish\",\"comment_status\":\"closed\",\"ping_status\":\"closed\",\"post_password\":\"\",\"post_name\":\"office-de-tourisme-val-de-loire-foret-dorleans-bureau-de-chateauneuf-sur-loire\",\"to_ping\":\"\",\"pinged\":\"\",\"post_modified\":\"2026-05-07 02:44:26\",\"post_modified_gmt\":\"2026-05-07 02:44:26\",\"post_content_filtered\":\"\",\"post_parent\":0,\"guid\":\"https:\\\/\\\/www.valdeloire-foretdorleans.com\\\/office-de-tourisme-val-de-loire-foret-dorleans-bureau-de-chateauneuf-sur-loire\\\/\",\"menu_order\":0,\"post_type\":\"articlesyatadata\",\"post_mime_type\":\"\",\"comment_count\":\"0\",\"filter\":\"raw\",\"permalink\":\"https:\\\/\\\/www.valdeloire-foretdorleans.com\\\/en\\\/office-de-tourisme-val-de-loire-foret-dorleans-bureau-de-chateauneuf-sur-loire\\\/\"}];\n      var items0 = [{\"ID\":1197774,\"post_author\":\"0\",\"post_date\":\"2026-05-07 02:44:27\",\"post_date_gmt\":\"2026-05-07 02:44:27\",\"post_content\":\"\",\"post_title\":\"Office de tourisme Val de Loire &amp; For\\u00eat d'Orl\\u00e9ans - Bureau de Jargeau\",\"post_excerpt\":\"\",\"post_status\":\"publish\",\"comment_status\":\"closed\",\"ping_status\":\"closed\",\"post_password\":\"\",\"post_name\":\"office-de-tourisme-val-de-loire-foret-dorleans-bureau-de-jargeau\",\"to_ping\":\"\",\"pinged\":\"\",\"post_modified\":\"2026-05-07 02:44:27\",\"post_modified_gmt\":\"2026-05-07 02:44:27\",\"post_content_filtered\":\"\",\"post_parent\":0,\"guid\":\"https:\\\/\\\/www.valdeloire-foretdorleans.com\\\/office-de-tourisme-val-de-loire-foret-dorleans-bureau-de-jargeau\\\/\",\"menu_order\":0,\"post_type\":\"articlesyatadata\",\"post_mime_type\":\"\",\"comment_count\":\"0\",\"filter\":\"raw\",\"permalink\":\"https:\\\/\\\/www.valdeloire-foretdorleans.com\\\/en\\\/office-de-tourisme-val-de-loire-foret-dorleans-bureau-de-jargeau\\\/\"},{\"ID\":1197773,\"post_author\":\"0\",\"post_date\":\"2026-05-07 02:44:26\",\"post_date_gmt\":\"2026-05-07 02:44:26\",\"post_content\":\"\",\"post_title\":\"Office de tourisme Val de Loire &amp; For\\u00eat d'Orl\\u00e9ans - Bureau de Ch\\u00e2teauneuf-sur-Loire\",\"post_excerpt\":\"\",\"post_status\":\"publish\",\"comment_status\":\"closed\",\"ping_status\":\"closed\",\"post_password\":\"\",\"post_name\":\"office-de-tourisme-val-de-loire-foret-dorleans-bureau-de-chateauneuf-sur-loire\",\"to_ping\":\"\",\"pinged\":\"\",\"post_modified\":\"2026-05-07 02:44:26\",\"post_modified_gmt\":\"2026-05-07 02:44:26\",\"post_content_filtered\":\"\",\"post_parent\":0,\"guid\":\"https:\\\/\\\/www.valdeloire-foretdorleans.com\\\/office-de-tourisme-val-de-loire-foret-dorleans-bureau-de-chateauneuf-sur-loire\\\/\",\"menu_order\":0,\"post_type\":\"articlesyatadata\",\"post_mime_type\":\"\",\"comment_count\":\"0\",\"filter\":\"raw\",\"permalink\":\"https:\\\/\\\/www.valdeloire-foretdorleans.com\\\/en\\\/office-de-tourisme-val-de-loire-foret-dorleans-bureau-de-chateauneuf-sur-loire\\\/\"}];\n      var fields0 = {\"1197774\":{\"SyndicObjectID\":\"STRCENCEN9991753\",\"GmapLatitude\":47.86575570000000112713678390718996524810791015625,\"GmapLongitude\":2.122325860000000119498508865945041179656982421875,\"photos\":\"Office-de-tourisme-de-jargeau_20100524\\u00a9OTJ||Office-de-tourisme-de-jargeau-20100524-OTJ.JPG||Office de Tourisme de Jargeau||||non||oui||31\\\/12\\\/2029##JAR-loire-pont-medieval-20170820-01-FR-OTI||JAR-loire-pont-medieval-20170820-01-FR-OTI.jpg||oti||||non||oui||31\\\/12\\\/2029##ORG-JAR-Chanterie-accueil-cheminee-20190223-OTI-CG-1815||ORG-JAR-Chanterie-accueil-cheminee-20190223-OTI-CG-1815.JPG||oti||||non||oui||31\\\/12\\\/2029##JAR-place-martroy-20080611-OTJ-2||JAR-place-martroy-20080611-OTJ-2.JPG||oti||||non||oui||31\\\/12\\\/2029##JAR-chanterie-20181010-FR-OTI||JAR-chanterie-20181010-FR-OTI.jpg||oti||||non||oui||31\\\/12\\\/2029##JAR-loire-pont-20180718-01-FR-OTI||JAR-loire-pont-20180718-01-FR-OTI.jpg||oti||||non||oui||31\\\/12\\\/2029##JAR-statue-jeanne-darc-20090908-01-FlorianPornin||JAR-statue-jeanne-darc-20090908-01-FlorianPornin.jpg||F.Pornin||||non||oui||31\\\/12\\\/2029##JAR-belvedere-20181020-03-FR-OTI-2||JAR-belvedere-20181020-03-FR-OTI-2.jpg||oti||||non||oui||31\\\/12\\\/2029##JAR-Girouet---OTJ||JAR---Girouet---OTJ.JPG||oti||||non||oui||31\\\/12\\\/2029##JAR-vue-loire-pont-20080521-01-OTJ-2||JAR-vue-loire-pont-20080521-01-OTJ-2.JPG||oti||||non||oui||31\\\/12\\\/2029##IMG_20210731_113758||IMG-20210731-113758.jpg||Fabienne||||non||oui||31\\\/12\\\/2029##IMG_20210731_113811||IMG-20210731-113811.jpg||Fabienne||||non||oui||31\\\/12\\\/2029##JAR-entr\\u00e9e-20200603\\u00a9FR-OTI||JAR-entree-20200603-FR-OTI.jpg||Florence Rabouin||||non||oui||31\\\/12\\\/2029##ORG-JAR_signalisation_BIT-201906010169\\u00a9FPR-04||ORG-JAR-signalisation-BIT-201906010169-FPR-04.JPG||Fabienne Perque||||oui||oui||31\\\/12\\\/2029\",\"COMMUNE\":\"JARGEAU\",\"labels\":\"La Loire \\u00e0 V\\u00e9lo||Loir'Etape\",\"groupements\":\"Accueil V\\u00e9lo office de tourisme\",\"ouvertureaccueil\":\"01\\\/04\\\/2026||30\\\/05\\\/2026||10:00||12:30||14:00||18:00||||||||||||||||||10:00||12:30||14:00||18:00||10:00||12:30||14:00||18:00||10:00||12:30||14:00||18:00||10:00||12:30||14:00||18:00||||||||||Lundi,Mardi,Dimanche||##03\\\/06\\\/2026||26\\\/09\\\/2026||09:30||12:30||14:00||18:00||||||||||||||||||||||||||||||||||||||||||||||||||||||||||Lundi,Mardi,Dimanche||##30\\\/09\\\/2026||30\\\/12\\\/2026||10:00||12:30||14:00||17:30||||||||||||||||||10:00||12:30||14:00||17:30||||||||||||||||||10:00||12:30||14:00||17:30||||||||||Lundi,Mardi,Jeudi,Vendredi,Dimanche||\",\"OTadherent\":\"oui\",\"ObjectTypeName\":\"Organismes et entreprises\"},\"1197773\":{\"SyndicObjectID\":\"STRCENCEN9991728\",\"GmapLatitude\":47.8655997999999982539520715363323688507080078125,\"GmapLongitude\":2.21849907999999995666939867078326642513275146484375,\"photos\":\"OT Ch\\u00e2teauneuf Int\\u00e9rieur 1||accueil-Chateauneuf-Chantal-2016--FPR-0296.JPG||FPR OT Ch\\u00e2teauneuf||||||oui||31\\\/12\\\/2029##OT Ch\\u00e2teauneuf Int\\u00e9rieur 2||accueil-Chateauneuf-Chantal-2016--FPR-0310.JPG||FPR OT Ch\\u00e2teauneuf||||||oui||31\\\/12\\\/2029##OT Ch\\u00e2teauneuf Int\\u00e9rieur 3||accueil-Chateauneuf-Fabienne-2016--CGB-0300.JPG||CGB OT Ch\\u00e2teauneuf||||||oui||31\\\/12\\\/2029##Ch\\u00e2teau Chateauneuf-sur-Loire||chateau-Chateauneuf-sur-Loire-2011--FPR-3070.JPG||FPR OT Ch\\u00e2teauneuf||||||oui||31\\\/12\\\/2029##Loire et v\\u00e9los \\u00e0 Chateauneuf||Loire-velos-Chateauneuf-2013--FPR-011.jpg||FPR OT Ch\\u00e2teauneuf||||||oui||31\\\/12\\\/2029##Passeurs_Loire_Sigloy||Passeurs-Loire-Sigloy-2015--FRabouin-084703.jpg||F Rabouin OT Ch\\u00e2teauneuf||||non||oui||31\\\/12\\\/2029##IMG_20210730_130941||IMG-20210730-130941.jpg||Fabienne||||non||oui||31\\\/12\\\/2029##ORG-CSL-Nouvelle_toiture-20210709-4221\\u00a9CG-OTI||ORG-CSL-Nouvelle-toiture-20210709-4221-CG-OTI.jpg||Chantal OTI||||oui||oui||31\\\/12\\\/2029\",\"COMMUNE\":\"CHATEAUNEUF-SUR-LOIRE\",\"labels\":\"La Loire \\u00e0 V\\u00e9lo\",\"groupements\":\"Accueil V\\u00e9lo office de tourisme||Ambassadeur Val de Loire\",\"ouvertureaccueil\":\"02\\\/04\\\/2026||30\\\/05\\\/2026||10:00||12:30||14:00||18:00||||||||||10:00||12:30||14:00||18:00||10:00||12:30||14:00||18:00||10:00||12:30||14:00||18:00||10:00||12:30||14:00||18:00||10:00||12:30||14:00||18:00||||||||||Lundi,Dimanche||##02\\\/06\\\/2026||27\\\/06\\\/2026||09:30||12:30||14:00||18:00||||||||||09:30||12:30||14:00||18:00||09:30||12:30||14:00||18:00||09:30||12:30||14:00||18:00||09:30||12:30||14:00||18:00||09:30||12:30||14:00||18:00||||||||||Lundi,Dimanche||##30\\\/06\\\/2026||30\\\/08\\\/2026||09:30||12:30||14:00||18:00||||||||||09:30||12:30||14:00||18:00||09:30||12:30||14:00||18:00||09:30||12:30||14:00||18:00||09:30||12:30||14:00||18:00||09:30||12:30||14:00||18:00||10:00||12:30||||||Lundi||##01\\\/09\\\/2026||26\\\/09\\\/2026||09:30||12:30||14:00||18:00||||||||||09:30||12:30||14:00||18:00||09:30||12:30||14:00||18:00||09:30||12:30||14:00||18:00||09:30||12:30||14:00||18:00||09:30||12:30||14:00||18:00||||||||||Lundi,Dimanche||##30\\\/09\\\/2026||31\\\/12\\\/2026||10:00||12:30||14:00||17:30||||||||||||||||||10:00||12:30||14:00||17:30||10:00||12:30||14:00||17:30||10:00||12:30||14:00||17:30||10:00||12:30||14:00||17:30||||||||||Lundi,Mardi,Dimanche||\",\"OTadherent\":\"oui\",\"ObjectTypeName\":\"Organismes et entreprises\"}};\n      var nbPerPg0 = 9;\n      \/\/console.log(allItems0);\n      \n      function bindMarker(id) {\n        var markerToBind = layers0[id];\n        if (markerToBind) {\n          markerToBind.openPopup();\n        }\n      }\n\n      function displayItems0() {\n        jQuery('#loader0').show();\n        var itemsToShow = [];\n        var fieldsToShow = [];\n        var deb = page0 * nbPerPg0;\n        var fin = deb + nbPerPg0;\n        var count = 0;\n        page0++;\n        var visibility_VoirSuite = true;\n\n\n        for (var i = deb; i < fin; i++) {\n          if (items0[i]) {\n            itemsToShow[count] = items0[i];\n            fieldsToShow[count] = fields0[items0[i].ID];\n          } else {\n            \/\/ jQuery('#voirlasuite0').css('visibility', 'hidden');\n            visibility_VoirSuite = false;\n          }\n          count++;\n        }\n        \/\/ console.log(itemsToShow);\n        jQuery.ajax({\n          url: 'https:\/\/www.valdeloire-foretdorleans.com\/wp-content\/plugins\/yatadata-shortcodes\/includes\/ajax\/get_articlesyatadata.php',\n          data: {\n            'items': itemsToShow,\n            'fields': fieldsToShow,\n            'nlist': 0          },\n          type: 'post',\n          dataType: 'html',\n          success: function(code_html, statut) {\n            jQuery('#loader0').hide();\n            jQuery(code_html).appendTo('#listItems0');\n            if (visibility_VoirSuite) {\n              jQuery('#voirlasuite0').css('visibility', 'visible');\n            } else {\n              jQuery('#voirlasuite0').css('visibility', 'hidden');\n            }\n          }\n        });\n      }\n\n      jQuery(function() {\n\n        function initMap() {\n          mymap0 = L.map('mapid0', {\n            gestureHandling: true\n          }).setView([47.86372108358519, 2.219991875139379], 11);\n          L.tileLayer('https:\/\/{s}.tile.openstreetmap.fr\/hot\/{z}\/{x}\/{y}.png', {\n            maxZoom: 19,\n            attribution: '&copy; <a href=\"https:\/\/www.openstreetmap.org\/copyright\">OpenStreetMap<\/a> contributors, Tiles style by <a href=\"https:\/\/www.hotosm.org\/\" target=\"_blank\">Humanitarian OpenStreetMap Team<\/a> hosted by <a href=\"https:\/\/openstreetmap.fr\/\" target=\"_blank\">OpenStreetMap France<\/a>'\n          }).addTo(mymap0);\n        }\n\n        function showAllMarkers() {\n          items0.forEach((item, i) => {\n            var latItem = fields0[item.ID]['GmapLatitude'];\n            var LngItem = fields0[item.ID]['GmapLongitude'];\n            if (latItem && LngItem) {\n              var markerIcon = L.icon({\n                iconUrl: 'https:\/\/www.valdeloire-foretdorleans.com\/wp-content\/themes\/valdeloireetforet\/images\/svg\/marker.svg',\n                iconSize: [22, 27],\n                iconAnchor: [11, 27],\n                popupAnchor: [0, -12]\n              });\n              var marker = L.marker([latItem, LngItem], {\n                icon: markerIcon\n              }).addTo(mymap0);\n              if (fields0[item.ID]['photos']) {\n                \/\/IMAGES\n                var photos = fields0[item.ID]['photos'];\n                photos = photos.split(\"##\");\n                var img = photos[0];\n                var laphoto = img.split(\"||\");\n                var laphotoREF = '';\n                if (laphoto[1] != '') {\n                  if (laphoto[5] == 'oui') {\n                    laphotoREF = laphoto[1];\n                  }\n                  lastphoto = laphoto[1];\n                }\n                laphoto = laphotoREF;\n\n                if(laphoto!=\"\"){\n                  \/\/$affichephoto = '\/wp-content\/plugins\/yatadata\/public\/multimedias\/'.fields0[item.ID].'\/'.end(explode('\/', $laphoto));\n                  img = 'https:\/\/www.valdeloire-foretdorleans.com\/wp-content\/plugins\/yatadata\/public\/multimedias\/' + fields0[item.ID]['SyndicObjectID'] + '\/' + laphoto;\n                }else{\n                  img = 'https:\/\/www.valdeloire-foretdorleans.com\/wp-content\/themes\/valdeloireetforet\/images\/noimg.jpg';\n                }\n              } else {\n                var img = 'https:\/\/www.valdeloire-foretdorleans.com\/wp-content\/themes\/valdeloireetforet\/images\/noimg.jpg';\n              }\n              var htmlPopup = \"<div class='yatadata__popup'><a href='\" + item.permalink + \"'><p>\" + item.post_title + \"<\/p><img width='250px' src='\" + img + \"'><\/a><\/div>\";\n              marker.bindPopup(htmlPopup);\n              layers0[item.ID] = marker;\n            }\n          });\n        }\n\n        function datasToArr(datas) {\n          var BeautifyDatas = [];\n          if (datas.indexOf('&')) {\n            datas = datas.split('&');\n          } else {\n            datas = [datas];\n          }\n\n          datas.forEach(function(data, index) {\n            data = data.split('=');\n            if (data[1] != '') {\n              BeautifyDatas.push(data[0]);\n              BeautifyDatas.push(data[1]);\n            }\n          });\n\n          return BeautifyDatas;\n        }\n\n        function submitForm() {\n          jQuery('#formSearch').submit();\n        }\n\n        jQuery('#formSearch').on('submit', function(e) {\n          \/\/ console.log(e);\n          jQuery('#voirlasuite0').css('visibility', 'hidden');\n          e.preventDefault();\n          items0 = getItems(jQuery(this).serialize());\n          page0 = 0;\n          jQuery('#listItems0').html('');\n          \/\/deleteMarkers();\n          \/\/showAllMarkers();\n          displayItems0();\n          if (items0.length == 0) {\n            jQuery('#listItems0').html('<p>Aucun r\u00e9sultat<\/p>');\n          }\n        });\n\n        function deleteMarkers() {\n          jQuery.each(mymap0._layers, function(ml) {\n            if (!mymap0._layers[ml]._url) {\n              mymap0._layers[ml].remove();\n            }\n          });\n        }\n\n        function getItems(datas) {\n          datas = datasToArr(datas);\n          var newItems = [];\n          if (datas.length == 0) {\n            \/\/newItems = items0;\n          }\n          console.log(newItems);\n          var itemsID = [];\n          allItems0.forEach(function(item, index) {\n            var addThis = true;\n            for (var i = 0; i < datas.length; i++) {\n              var index = datas[i];\n              i++;\n              var value = datas[i];\n              if (index == '') {\n                continue;\n              }\n              var type = '';\n              if (index == 'dateDeb' || index == 'dateFin') {\n                var dateTest = value.replace(\/%2F\/g, '\/');\n                dateTest = dateTest.split('\/').reverse().join('');\n                if (index == 'dateDeb') {\n                  var dateDeb = dateTest;\n                } else if (index == 'dateFin') {\n                  var dateFin = dateTest;\n                }\n                var DateDebTest = item.date.split('-').join('');\n                var DateFinTest = item.date.split('-').join('');\n\n                var testValue = fields0[item.ID]['ouvertureaccueil'];\n                if (testValue.indexOf('##') > -1) {\n                  testValue = testValue.split('##');\n                } else {\n                  testValue = [testValue];\n                }\n                var haveMatch = false;\n                testValue.forEach(function(val) {\n                  if (haveMatch) {\n                    return;\n                  }\n                  var datesValues = val.split('||');\n\n                  var DateDebTestPeriode = datesValues[0];\n                  if (DateDebTestPeriode.indexOf('\/') > -1) {\n                    DateDebTestPeriode = DateDebTestPeriode.split('\/').reverse().join('');\n                  } else {\n                    DateDebTestPeriode = DateDebTestPeriode.split('-').join('');\n                  }\n                  var DateFinTestPeriode = datesValues[1];\n                  if (DateFinTestPeriode.indexOf('\/') > -1) {\n                    DateFinTestPeriode = DateFinTestPeriode.split('\/').reverse().join('');\n                  } else {\n                    DateFinTestPeriode = DateFinTestPeriode.split('-').join('');\n                  }\n                  if (DateDebTest == DateDebTestPeriode) {\n                    DateFinTest = DateFinTestPeriode;\n                    haveMatch = true;\n                  }\n\n                });\n\n                if (dateFin && dateDeb && DateDebTest && DateFinTest) {\n                  if (parseInt(DateFinTest) < parseInt(dateDeb) || parseInt(DateDebTest) > parseInt(dateFin)) {\n                    addThis = false;\n                  }\n                }\n              } else {\n                if (!fields0[item.ID][index]) {\n                  addThis = false;\n                } else {\n                  var testValue = fields0[item.ID][index];\n                  if (typeof testValue != 'string') {\n                    testValue = testValue.toString();\n                  }\n                  if (index == 'nbchambresclassees' || index == 'CAPACITE' || index == 'capacitemaximumhebergement') {\n                    type = 'range';\n                  }\n                  if (type == 'range') {\n                    var values = value.split('-');\n                    if (testValue < parseInt(values[0], 10) || testValue > parseInt(values[1], 10)) {\n                      addThis = false;\n                    }\n                  } else {\n                    var testValues = testValue.split('||');\n                    if (testValues.length > 1) {\n                      if (wpFeSanitizeTitle(testValue).indexOf(value) == -1) {\n                        addThis = false;\n                      }\n                    } else {\n                      if (wpFeSanitizeTitle(testValue) != value) {\n                        addThis = false;\n                      }\n                    }\n                  }\n                }\n              }\n            }\n\n            if (addThis && !itemsID.includes(item.ID)) {\n              newItems.push(item);\n              itemsID.push(item.ID);\n            }\n          });\n          console.log(newItems);\n          return newItems;\n        }\n\n        \n        if (jQuery('#formSearch').length) {\n          \/\/ jQuery('#formSearch').submit();\n          displayItems0(); \n        } else {\n          displayItems0();\n        }\n      });\n    <\/script>\n[\/vc_column][\/vc_row][vc_row][vc_column][vc_column_text]<\/p>\n<p style=\"text-align: center;\"><img loading=\"lazy\" decoding=\"async\" class=\"aligncenter wp-image-14646 size-full\" src=\"https:\/\/www.valdeloire-foretdorleans.com\/wp-content\/uploads\/2019\/09\/nos-engagements.jpg\" alt=\"les engagements de l'Office de Tourisme\" width=\"617\" height=\"919\" srcset=\"https:\/\/www.valdeloire-foretdorleans.com\/wp-content\/uploads\/2019\/09\/nos-engagements.jpg 617w, https:\/\/www.valdeloire-foretdorleans.com\/wp-content\/uploads\/2019\/09\/nos-engagements-201x300.jpg 201w\" sizes=\"auto, (max-width: 617px) 100vw, 617px\" \/><\/p>\n<p>[\/vc_column_text][\/vc_column][\/vc_row][vc_row][vc_column][vc_column_text][\/vc_column_text][\/vc_column][\/vc_row]<\/p>\n<\/div>","protected":false},"excerpt":{"rendered":"<p>[vc_row][vc_column width=&#8221;1\/6&#8243;][vc_single_image image=&#8221;70390&#8243; img_size=&#8221;medium&#8221; alignment=&#8221;center&#8221;][\/vc_column][vc_column width=&#8221;2\/3&#8243;][vc_column_text] The reception offices of the Val de Loire and For\u00eat d&#8217;Orl\u00e9ans Intercommunal Tourist Office welcome you to Ch\u00e2teauneuf-sur-Loire and Jargeau in the Loiret department [\/vc_column_text][vc_empty_space][vc_separator color=&#8221;custom&#8221; style=&#8221;double&#8221; border_width=&#8221;2&#8243; el_width=&#8221;60&#8243; accent_color=&#8221;#700000&#8243;][vc_empty_space][\/vc_column][vc_column width=&#8221;1\/6&#8243;][vc_single_image image=&#8221;70394&#8243; img_size=&#8221;medium&#8221; alignment=&#8221;center&#8221;][\/vc_column][\/vc_row][vc_row][vc_column][vc_row_inner][vc_column_inner width=&#8221;1\/2&#8243;][vc_column_text] The Ch\u00e2teauneuf-sur-Loire Office is open April to October Tuesday to Saturday, 10am to 12.30pm [&hellip;]<\/p>\n","protected":false},"author":2,"featured_media":1010740,"parent":398942,"menu_order":3,"comment_status":"closed","ping_status":"closed","template":"","meta":{"_acf_changed":false,"footnotes":""},"class_list":["post-398954","page","type-page","status-publish","has-post-thumbnail","hentry"],"acf":[],"_links":{"self":[{"href":"https:\/\/www.valdeloire-foretdorleans.com\/en\/wp-json\/wp\/v2\/pages\/398954","targetHints":{"allow":["GET"]}}],"collection":[{"href":"https:\/\/www.valdeloire-foretdorleans.com\/en\/wp-json\/wp\/v2\/pages"}],"about":[{"href":"https:\/\/www.valdeloire-foretdorleans.com\/en\/wp-json\/wp\/v2\/types\/page"}],"author":[{"embeddable":true,"href":"https:\/\/www.valdeloire-foretdorleans.com\/en\/wp-json\/wp\/v2\/users\/2"}],"replies":[{"embeddable":true,"href":"https:\/\/www.valdeloire-foretdorleans.com\/en\/wp-json\/wp\/v2\/comments?post=398954"}],"version-history":[{"count":5,"href":"https:\/\/www.valdeloire-foretdorleans.com\/en\/wp-json\/wp\/v2\/pages\/398954\/revisions"}],"predecessor-version":[{"id":1195689,"href":"https:\/\/www.valdeloire-foretdorleans.com\/en\/wp-json\/wp\/v2\/pages\/398954\/revisions\/1195689"}],"up":[{"embeddable":true,"href":"https:\/\/www.valdeloire-foretdorleans.com\/en\/wp-json\/wp\/v2\/pages\/398942"}],"wp:featuredmedia":[{"embeddable":true,"href":"https:\/\/www.valdeloire-foretdorleans.com\/en\/wp-json\/wp\/v2\/media\/1010740"}],"wp:attachment":[{"href":"https:\/\/www.valdeloire-foretdorleans.com\/en\/wp-json\/wp\/v2\/media?parent=398954"}],"curies":[{"name":"wp","href":"https:\/\/api.w.org\/{rel}","templated":true}]}}