{"id":398953,"date":"2020-08-10T09:45:32","date_gmt":"2020-08-10T09:45:32","guid":{"rendered":"https:\/\/www.valdeloire-foretdorleans.com\/how-to-get-here-2\/"},"modified":"2020-08-11T08:21:40","modified_gmt":"2020-08-11T08:21:40","slug":"how-to-get-here-2","status":"publish","type":"page","link":"https:\/\/www.valdeloire-foretdorleans.com\/en\/how-to-get-here-2\/","title":{"rendered":"How to get here"},"content":{"rendered":"<div class=\"wpb-content-wrapper\"><p>[vc_row][vc_column][vc_column_text]<\/p>\n<div class=\"page-header\">\n<h2 style=\"text-align: center;\"><\/h2>\n<\/div>\n<div>\n<h2 style=\"text-align: center;\">In the centre of France, in the country of the Loire ch\u00e2teaux and Loire \u00e0 V\u00e9lo cycle network,<br \/>\nthe tourist area known as &#8220;Val de LOIRE&amp; FORET d\u00b4Orl\u00e9ans&#8221; or LOIRE Valley &amp; Orl\u00e9ans FOREST is located in the middle of the Loiret department.<\/h2>\n<h3 style=\"text-align: center;\">&#8211; 130 km south of Paris &#8211; 20-30 km east of Orl\u00e9ans &#8211; 40-50 km from Montargis, Pithiviers and Gien<\/h3>\n<\/div>\n<p>[\/vc_column_text][vc_row_inner][vc_column_inner][vc_empty_space][vc_single_image image=&#8221;12274&#8243; img_size=&#8221;full&#8221; alignment=&#8221;center&#8221;][vc_empty_space][\/vc_column_inner][\/vc_row_inner][vc_row_inner][vc_column_inner width=&#8221;1\/3&#8243;][vc_column_text]<\/p>\n<h4><strong>If you&#8217;re travelling by car&#8230;<br \/>\n<a href=\"https:\/\/maps.google.fr\/?ll=47.855099,2.223358&amp;spn=0.156883,0.41851&amp;t=m&amp;z=12\" target=\"_blank\" rel=\"noopener noreferrer\">plan your journey here<\/a><\/strong><\/h4>\n<p>The nearest motorway exits are:<br \/>\nA.10 &#8211; exit 14 Orl\u00e9ans Nord<br \/>\nA.19 &#8211; exit 7 Pithiviers<br \/>\n&#8211; exit 8 Beaune la Rolande<br \/>\nA.6 \/ A.77 &#8211; exit 18 Montargis<br \/>\nA.77 &#8211; exit 20 Briare<br \/>\nA.71 &#8211; exit 1 Orl\u00e9ans Centre<br \/>\n&#8211; exit 2 Olivet<br \/>\nand departmental roads for a quieter journey to us:<br \/>\nRD.2060 Orl\u00e9ans &#8211; Montargis<br \/>\nRD.921 Pithiviers &#8211; La Fert\u00e9 Saint Aubin<br \/>\nRD.952 Orl\u00e9ans &#8211; Gien[\/vc_column_text][\/vc_column_inner][vc_column_inner width=&#8221;1\/3&#8243;][vc_column_text]<\/p>\n<h4>If you prefer the train, follow our links<\/h4>\n<p>The nearest SNCF train station is Orl\u00e9ans Gare:<br \/>\ntimetables, prices, etc. at\u00a0<a href=\"http:\/\/www.voyages-sncf.com\/billet-train\" target=\"_blank\" rel=\"noopener noreferrer\">www.voyages-sncf.com<\/a>\u00a0and don&#8217;t forget to check your journey at\u00a0<a href=\"http:\/\/www.infolignes.com\/\" target=\"_blank\" rel=\"noopener noreferrer\">infos-trafic<\/a>.<br \/>\nThe company &#8220;Cars Ulys&#8221; runs buses from Orl\u00e9ans Gare railway station to various destinations (line 3 for St Denis-Ch\u00e2teauneuf-St Martin \/ line 7A for Sandillon-Jargeau-Vienne-Tigy \/ line 17 for Donnery-Fay-Vitry-Sury) :<br \/>\ncheck timetables, prices and other destinations in the area at\u00a0<a href=\"http:\/\/www.ulys-loiret.com\/\" target=\"_blank\" rel=\"noopener noreferrer\">www.ulys-loiret.com<\/a><br \/>\nSee all the different transport links in the region (train, tram, bus, coach, etc.) at\u00a0<a href=\"http:\/\/www.jvmalin.fr\/\" target=\"_blank\" rel=\"noopener noreferrer\">www.jvmalin.fr<\/a>[\/vc_column_text][\/vc_column_inner][vc_column_inner width=&#8221;1\/3&#8243;][vc_column_text]<\/p>\n<h4>Or maybe you&#8217;re dreaming of coming by plane&#8230; anything&#8217;s possible!<\/h4>\n<p><a href=\"http:\/\/loiret.aeroport.fr\/index.php?page=aerop\" target=\"_blank\" rel=\"noopener noreferrer\">Orl\u00e9ans-Loiret airport<\/a>is located in Saint-Denis-de-l&#8217;H\u00f4tel, 2 km from Jargeau and 8 km from Ch\u00e2teauneuf-sur-Loire.<br \/>\n<a href=\"https:\/\/tourisme45-loire-et-foret.fr\/fr\/vivre-au-quotidien\/taxis-et-transports\" target=\"_blank\" rel=\"noopener noreferrer\">Taxis and transport companies can take you from the airport to all towns and villages in our area.<\/a>[\/vc_column_text][\/vc_column_inner][\/vc_row_inner][\/vc_column][\/vc_row]<\/p>\n<\/div>","protected":false},"excerpt":{"rendered":"<p>[vc_row][vc_column][vc_column_text] In the centre of France, in the country of the Loire ch\u00e2teaux and Loire \u00e0 V\u00e9lo cycle network, the tourist area known as &#8220;Val de LOIRE&amp; FORET d\u00b4Orl\u00e9ans&#8221; or LOIRE Valley &amp; Orl\u00e9ans FOREST is located in the middle of the Loiret department. &#8211; 130 km south of Paris &#8211; 20-30 km east of [&hellip;]<\/p>\n","protected":false},"author":2,"featured_media":0,"parent":0,"menu_order":1,"comment_status":"closed","ping_status":"closed","template":"","meta":{"_acf_changed":false,"footnotes":""},"class_list":["post-398953","page","type-page","status-publish","hentry"],"acf":[],"_links":{"self":[{"href":"https:\/\/www.valdeloire-foretdorleans.com\/en\/wp-json\/wp\/v2\/pages\/398953","targetHints":{"allow":["GET"]}}],"collection":[{"href":"https:\/\/www.valdeloire-foretdorleans.com\/en\/wp-json\/wp\/v2\/pages"}],"about":[{"href":"https:\/\/www.valdeloire-foretdorleans.com\/en\/wp-json\/wp\/v2\/types\/page"}],"author":[{"embeddable":true,"href":"https:\/\/www.valdeloire-foretdorleans.com\/en\/wp-json\/wp\/v2\/users\/2"}],"replies":[{"embeddable":true,"href":"https:\/\/www.valdeloire-foretdorleans.com\/en\/wp-json\/wp\/v2\/comments?post=398953"}],"version-history":[{"count":1,"href":"https:\/\/www.valdeloire-foretdorleans.com\/en\/wp-json\/wp\/v2\/pages\/398953\/revisions"}],"predecessor-version":[{"id":400578,"href":"https:\/\/www.valdeloire-foretdorleans.com\/en\/wp-json\/wp\/v2\/pages\/398953\/revisions\/400578"}],"wp:attachment":[{"href":"https:\/\/www.valdeloire-foretdorleans.com\/en\/wp-json\/wp\/v2\/media?parent=398953"}],"curies":[{"name":"wp","href":"https:\/\/api.w.org\/{rel}","templated":true}]}}