{"id":398939,"date":"2020-08-10T09:45:04","date_gmt":"2020-08-10T09:45:04","guid":{"rendered":"https:\/\/www.valdeloire-foretdorleans.com\/attractions-and-activities\/"},"modified":"2023-10-28T12:17:04","modified_gmt":"2023-10-28T12:17:04","slug":"attractions-and-activities","status":"publish","type":"page","link":"https:\/\/www.valdeloire-foretdorleans.com\/en\/attractions-and-activities\/","title":{"rendered":"Attractions and activities"},"content":{"rendered":"<div class=\"wpb-content-wrapper\"><p>[vc_row][vc_column][vc_column_text]<\/p>\n<h2 style=\"text-align: center;\">Unique experiences<br \/>\nin Val de LOIRE &amp; FORET d&#8217;Orl\u00e9ans<\/h2>\n<p>[\/vc_column_text][vc_empty_space][vc_separator color=&#8221;sky&#8221; style=&#8221;shadow&#8221; border_width=&#8221;2&#8243;][vc_column_text]<\/p>\n<h3>Let yourself be tempted by activities and leisure in the Loire Valley and Orl\u00e9ans Forest&#8230;<\/h3>\n<p>[\/vc_column_text][vc_empty_space][vc_wp_custommenu nav_menu=&#8221;69&#8243;][vc_empty_space][vc_column_text]Visit the \u00a0<strong><a href=\"https:\/\/www.valdeloire-foretdorleans.com\/musee-de-la-marine-de-loire\/\">marine de Loire museum<\/a><\/strong> in Ch\u00e2teauneuf-sur-Loire.[\/vc_column_text][vc_empty_space height=&#8221;20px&#8221;][vc_column_text]Discover the Carolingian <strong>mosaic in the oratory at<\/strong> <strong><a href=\"https:\/\/www.valdeloire-foretdorleans.com\/oratoire-carolingien\/\">Germigny-des-Pr\u00e9s<\/a><\/strong>,<br \/>\nFleury Abbey in Saint Beno\u00eet-sur-Loire and its museum &#8220;le Belv\u00e9d\u00e8re&#8221;.[\/vc_column_text][vc_empty_space height=&#8221;20px&#8221;][vc_column_text]Rent an electric bike to travel on La <a href=\"https:\/\/www.valdeloire-foretdorleans.com\/vivez-la-loire-a-velo-chateauneuf-sur-loire-jargeau\/\">Loire \u00e0 v\u00e9lo<\/a>, the Scandib\u00e9rique, on forest trails or along the canal&#8230;[\/vc_column_text][vc_empty_space height=&#8221;20px&#8221;][vc_column_text]Stroll along the shady paths of the <a href=\"https:\/\/www.valdeloire-foretdorleans.com\/arboretum-des-grandes-bruyeres\/\">Grandes Bruy\u00e8res<\/a> arboretum in Ingrannes and let yourself be carried away on the Route de la Rose&#8230;[\/vc_column_text][vc_empty_space height=&#8221;20px&#8221;][vc_column_text]Search for remarkable trees in the Parc du Ch\u00e2teau de Ch\u00e2teauneuf-sur-Loire, and have fun with the whole family thanks to the Piste Games available in our Ch\u00e2teauneuf and Jargeau reception offices&#8230;[\/vc_column_text][vc_empty_space height=&#8221;20px&#8221;][vc_column_text]Look for the <a href=\"https:\/\/www.valdeloire-foretdorleans.com\/visite-du-village-des-boites-aux-lettres\/\">originales <\/a>\u00a0Mailboxes in <a href=\"https:\/\/www.valdeloire-foretdorleans.com\/visite-du-village-des-boites-aux-lettres\/\">Saint-Martin-d&#8217;Abbat<\/a>. Walk along the Chemin des Olives to meet the Mots-Ganerie&#8230;[\/vc_column_text][vc_empty_space height=&#8221;20px&#8221;][vc_column_text]Watch the sun set over the Loire with <strong><a href=\"https:\/\/www.valdeloire-foretdorleans.com\/passeurs-de-loire-laigrette\/\">les Passeurs de Loire<\/a><\/strong> in Sigloy. Let us tell you all about the Loire and its history, its flora and fauna, life in the days of the Mariniers&#8230;[\/vc_column_text][vc_empty_space height=&#8221;20px&#8221;][vc_column_text]You can also observe wildlife at the <a href=\"https:\/\/www.valdeloire-foretdorleans.com\/site-naturel-de-courpain\/\"><strong>Courpain<\/strong><\/a> nature reserve in Ouvrou\u00ebr-les-Champs.[\/vc_column_text][vc_empty_space height=&#8221;20px&#8221;][vc_column_text]Explore the Loire on a canoe trip between Sully-sur-Loire and Orl\u00e9ans.[\/vc_column_text][vc_empty_space height=&#8221;20px&#8221;][vc_column_text]Take to the skies at <a href=\"https:\/\/www.valdeloire-foretdorleans.com\/loisirs-et-activites\/dans-les-airs-chateauneuf-sur-loire-jargeau\/\"><strong>Orl\u00e9ans-Loire-Valley Airport<\/strong><\/a>[\/vc_column_text][vc_empty_space height=&#8221;20px&#8221;][vc_column_text]<a href=\"https:\/\/www.valdeloire-foretdorleans.com\/a-pied-chateauneuf-sur-loire-jargeau\/\"><strong>Hike the forest paths of the For\u00eat d&#8217;Orl\u00e9ans and along the Canal d&#8217;Orl\u00e9ans<\/strong><\/a>[\/vc_column_text][vc_empty_space height=&#8221;20px&#8221;][vc_column_text]Finally, take a dip or swim at the <a href=\"https:\/\/www.valdeloire-foretdorleans.com\/letang-de-la-vallee\/\" target=\"_blank\" rel=\"noopener\"><strong>\u00c9tang de la Vall\u00e9e<\/strong><\/a> or in the municipal swimming pools.[\/vc_column_text][vc_empty_space height=&#8221;20px&#8221;][vc_column_text]Fish, climb, play&#8230; and take advantage of your stay to meet the Intercommunal Tourist Office team at our reception offices in Ch\u00e2teauneuf-sur-Loire and Jargeau.[\/vc_column_text][vc_empty_space][vc_column_text]<\/p>\n<h3 style=\"text-align: center;\">We&#8217;ll be happy to advise you on the full range of leisure activities available in the Val de LOIRE &amp; FOR\u00caT d&#8217;Orl\u00e9ans.<\/h3>\n<p>[\/vc_column_text][\/vc_column][\/vc_row]<\/p>\n<\/div>","protected":false},"excerpt":{"rendered":"<p>[vc_row][vc_column][vc_column_text] Unique experiences in Val de LOIRE &amp; FORET d&#8217;Orl\u00e9ans [\/vc_column_text][vc_empty_space][vc_separator color=&#8221;sky&#8221; style=&#8221;shadow&#8221; border_width=&#8221;2&#8243;][vc_column_text] Let yourself be tempted by activities and leisure in the Loire Valley and Orl\u00e9ans Forest&#8230; [\/vc_column_text][vc_empty_space][vc_wp_custommenu nav_menu=&#8221;69&#8243;][vc_empty_space][vc_column_text]Visit the \u00a0marine de Loire museum in Ch\u00e2teauneuf-sur-Loire.[\/vc_column_text][vc_empty_space height=&#8221;20px&#8221;][vc_column_text]Discover the Carolingian mosaic in the oratory at Germigny-des-Pr\u00e9s, Fleury Abbey in Saint Beno\u00eet-sur-Loire and its museum [&hellip;]<\/p>\n","protected":false},"author":2,"featured_media":400566,"parent":0,"menu_order":12,"comment_status":"closed","ping_status":"closed","template":"","meta":{"_acf_changed":false,"footnotes":""},"class_list":["post-398939","page","type-page","status-publish","has-post-thumbnail","hentry"],"acf":[],"_links":{"self":[{"href":"https:\/\/www.valdeloire-foretdorleans.com\/en\/wp-json\/wp\/v2\/pages\/398939","targetHints":{"allow":["GET"]}}],"collection":[{"href":"https:\/\/www.valdeloire-foretdorleans.com\/en\/wp-json\/wp\/v2\/pages"}],"about":[{"href":"https:\/\/www.valdeloire-foretdorleans.com\/en\/wp-json\/wp\/v2\/types\/page"}],"author":[{"embeddable":true,"href":"https:\/\/www.valdeloire-foretdorleans.com\/en\/wp-json\/wp\/v2\/users\/2"}],"replies":[{"embeddable":true,"href":"https:\/\/www.valdeloire-foretdorleans.com\/en\/wp-json\/wp\/v2\/comments?post=398939"}],"version-history":[{"count":5,"href":"https:\/\/www.valdeloire-foretdorleans.com\/en\/wp-json\/wp\/v2\/pages\/398939\/revisions"}],"predecessor-version":[{"id":1195970,"href":"https:\/\/www.valdeloire-foretdorleans.com\/en\/wp-json\/wp\/v2\/pages\/398939\/revisions\/1195970"}],"wp:featuredmedia":[{"embeddable":true,"href":"https:\/\/www.valdeloire-foretdorleans.com\/en\/wp-json\/wp\/v2\/media\/400566"}],"wp:attachment":[{"href":"https:\/\/www.valdeloire-foretdorleans.com\/en\/wp-json\/wp\/v2\/media?parent=398939"}],"curies":[{"name":"wp","href":"https:\/\/api.w.org\/{rel}","templated":true}]}}