{"id":398938,"date":"2020-08-10T09:45:04","date_gmt":"2020-08-10T09:45:04","guid":{"rendered":"https:\/\/www.valdeloire-foretdorleans.com\/experiences-2\/"},"modified":"2023-08-02T14:29:58","modified_gmt":"2023-08-02T14:29:58","slug":"experiences-2","status":"publish","type":"page","link":"https:\/\/www.valdeloire-foretdorleans.com\/en\/experiences-2\/","title":{"rendered":"Experiences"},"content":{"rendered":"<div class=\"wpb-content-wrapper\"><p>[vc_row][vc_column][vc_column_text]<\/p>\n<h2 style=\"text-align: center;\">Come and experience nature in Val de LOIRE &amp; FOR\u00caT d&#8217;Orl\u00e9ans<\/h2>\n<p>[\/vc_column_text][vc_wp_custommenu nav_menu=&#8221;23&#8243;][vc_empty_space][vc_column_text][\/vc_column_text][vc_column_text]<\/p>\n<h3><\/h3>\n<h3><\/h3>\n<h3><\/h3>\n<h3><\/h3>\n<h3><\/h3>\n<h3><a href=\"https:\/\/youtu.be\/1fm1d3GJ-Qk\">A nature experience along the river<\/a><\/h3>\n<p>Embark on a <strong>boat trip<\/strong> with Les <a href=\"https:\/\/www.valdeloire-foretdorleans.com\/passeurs-de-loire-laigrette\/\" target=\"_blank\" rel=\"noopener noreferrer\"><strong>Passeurs de Loire<\/strong><\/a> at Sigloy, and learn about the history of the Loire and its flora and fauna.<\/p>\n<p><strong><a href=\"https:\/\/www.valdeloire-foretdorleans.com\/absolument-canoe\/\">Canoe<\/a> <\/strong>down the Loire at your own pace&#8230; Imagine the hard day-to-day life of the sailors at the <strong><a href=\"https:\/\/youtu.be\/C3OHSEIvYpo\">Mus\u00e9e de la Marine de Loire in Ch\u00e2teauneuf-sur-Loire<\/a><\/strong><\/p>\n<p>Cast your line on the banks of the Loire or in one of the many ponds of the Val de LOIRE et FOR\u00caT d&#8217;Orl\u00e9ans and fish for shad, carp or barbel&#8230;<\/p>\n<p>&nbsp;<\/p>\n<p>&nbsp;<\/p>\n<h3><strong>A freewheeling nature experience<\/strong><\/h3>\n<p>Rent a bike for a ride on the <strong>Loire \u00e0 v\u00e9lo circuit, via the GR3 &#8220;Sentier de la Loire&#8221;, along the Orl\u00e9ans canal, or for a stroll through the forest.<\/strong><\/p>\n<p>From Sully-sur-Loire to Orl\u00e9ans, visit the sights along the Loire by bike!<\/p>\n<p>Immerse yourself in the Middle Ages with a visit to the Ch\u00e2teau de Sully-sur-Loire.<\/p>\n<p>Admire the tower-porch of Fleury Abbey in Saint-Beno\u00eet-sur-Loire and relive the history of the Abbey through the interactive exhibition at the Belv\u00e9d\u00e8re museum.<\/p>\n<p>Take time to contemplate the mosaic of the Carolingian Oratory at Germigny-des-Pr\u00e9s.<\/p>\n<p>&nbsp;<\/p>\n<p>&nbsp;<\/p>\n<p>&nbsp;<\/p>\n<h3><strong>A forest experience<\/strong><\/h3>\n<p>Take a deep breath and climb up to the Belv\u00e9d\u00e8re des Caillettes in Nibelle to admire the Orl\u00e9ans forest.<\/p>\n<p>On foot, on horseback or by bike, explore the Bois B\u00e9zard trail or the sentier des Sources.<\/p>\n<p>Discover the remarkable trees in the Parc du Ch\u00e2teau de Ch\u00e2teauneuf-sur-Loire![\/vc_column_text][\/vc_column][\/vc_row][vc_row][vc_column][vc_empty_space][vc_single_image][\/vc_column][\/vc_row]<\/p>\n<\/div>","protected":false},"excerpt":{"rendered":"<p>[vc_row][vc_column][vc_column_text] Come and experience nature in Val de LOIRE &amp; FOR\u00caT d&#8217;Orl\u00e9ans [\/vc_column_text][vc_wp_custommenu nav_menu=&#8221;23&#8243;][vc_empty_space][vc_column_text][\/vc_column_text][vc_column_text] A nature experience along the river Embark on a boat trip with Les Passeurs de Loire at Sigloy, and learn about the history of the Loire and its flora and fauna. Canoe down the Loire at your own pace&#8230; Imagine the [&hellip;]<\/p>\n","protected":false},"author":2,"featured_media":400522,"parent":0,"menu_order":11,"comment_status":"closed","ping_status":"closed","template":"","meta":{"_acf_changed":false,"footnotes":""},"class_list":["post-398938","page","type-page","status-publish","has-post-thumbnail","hentry"],"acf":[],"_links":{"self":[{"href":"https:\/\/www.valdeloire-foretdorleans.com\/en\/wp-json\/wp\/v2\/pages\/398938","targetHints":{"allow":["GET"]}}],"collection":[{"href":"https:\/\/www.valdeloire-foretdorleans.com\/en\/wp-json\/wp\/v2\/pages"}],"about":[{"href":"https:\/\/www.valdeloire-foretdorleans.com\/en\/wp-json\/wp\/v2\/types\/page"}],"author":[{"embeddable":true,"href":"https:\/\/www.valdeloire-foretdorleans.com\/en\/wp-json\/wp\/v2\/users\/2"}],"replies":[{"embeddable":true,"href":"https:\/\/www.valdeloire-foretdorleans.com\/en\/wp-json\/wp\/v2\/comments?post=398938"}],"version-history":[{"count":4,"href":"https:\/\/www.valdeloire-foretdorleans.com\/en\/wp-json\/wp\/v2\/pages\/398938\/revisions"}],"predecessor-version":[{"id":1195040,"href":"https:\/\/www.valdeloire-foretdorleans.com\/en\/wp-json\/wp\/v2\/pages\/398938\/revisions\/1195040"}],"wp:featuredmedia":[{"embeddable":true,"href":"https:\/\/www.valdeloire-foretdorleans.com\/en\/wp-json\/wp\/v2\/media\/400522"}],"wp:attachment":[{"href":"https:\/\/www.valdeloire-foretdorleans.com\/en\/wp-json\/wp\/v2\/media?parent=398938"}],"curies":[{"name":"wp","href":"https:\/\/api.w.org\/{rel}","templated":true}]}}