{"id":398922,"date":"2020-08-10T09:45:04","date_gmt":"2020-08-10T09:45:04","guid":{"rendered":"https:\/\/www.valdeloire-foretdorleans.com\/home\/"},"modified":"2024-06-18T15:09:08","modified_gmt":"2024-06-18T15:09:08","slug":"home","status":"publish","type":"page","link":"https:\/\/www.valdeloire-foretdorleans.com\/en\/","title":{"rendered":"Home"},"content":{"rendered":"<div class=\"wpb-content-wrapper\"><p>[vc_row][vc_column][vc_empty_space height=&#8221;64px&#8221;][vc_btn title=&#8221;EVERYTHING ABOUT THE ETANG DE LA VALLEE LEISURE CENTRE&#8221; color=&#8221;primary&#8221; size=&#8221;lg&#8221; align=&#8221;center&#8221; link=&#8221;url:https%3A%2F%2Fwww.valdeloire-foretdorleans.com%2Fen%2Fetang-de-la-vallee%2F|title:ACTUALIT%C3%89S%20-%20NOUVEAUT%C3%89S|target:_blank&#8221;][vc_empty_space height=&#8221;50px&#8221;][vc_custom_heading text=&#8221;STAY, EAT &amp; DISCOVER&#8221; font_container=&#8221;tag:h2|text_align:center&#8221;][vc_custom_heading text=&#8221;IN THE VAL DE LOIRE AND ORL\u00c9ANS FOREST&#8221; font_container=&#8221;tag:h3|text_align:center&#8221;][vc_empty_space height=&#8221;50px&#8221;][\/vc_column][\/vc_row][vc_row full_width=&#8221;stretch_row_content_no_spaces&#8221; equal_height=&#8221;yes&#8221; content_placement=&#8221;bottom&#8221; css_animation=&#8221;none&#8221;][vc_column width=&#8221;1\/5&#8243; el_class=&#8221;bloaccueil&#8221; offset=&#8221;vc_col-xs-12&#8243;][vc_single_image image=&#8221;1195304&#8243; img_size=&#8221;full&#8221; alignment=&#8221;center&#8221; onclick=&#8221;custom_link&#8221; link=&#8221;\/the-essentials\/&#8221;][vc_column_text]<\/p>\n<h3 style=\"text-align: center;\">The essentials<\/h3>\n<p>[\/vc_column_text][\/vc_column][vc_column width=&#8221;1\/5&#8243; el_class=&#8221;bloaccueil&#8221;][vc_single_image image=&#8221;402157&#8243; img_size=&#8221;full&#8221; alignment=&#8221;center&#8221; onclick=&#8221;custom_link&#8221; link=&#8221;https:\/\/www.valdeloire-foretdorleans.com\/en\/stay\/&#8221;][vc_column_text]<\/p>\n<h3 style=\"text-align: center;\">Stay<\/h3>\n<p>[\/vc_column_text][\/vc_column][vc_column width=&#8221;1\/5&#8243; el_class=&#8221;bloaccueil&#8221;][vc_single_image image=&#8221;402163&#8243; img_size=&#8221;full&#8221; alignment=&#8221;center&#8221; onclick=&#8221;custom_link&#8221; link=&#8221;https:\/\/www.valdeloire-foretdorleans.com\/en\/restaurants\/&#8221;][vc_column_text]<\/p>\n<h3 style=\"text-align: center;\">Restaurants<\/h3>\n<p>[\/vc_column_text][\/vc_column][vc_column width=&#8221;1\/5&#8243; el_class=&#8221;bloaccueil&#8221;][vc_single_image image=&#8221;670629&#8243; img_size=&#8221;full&#8221; alignment=&#8221;center&#8221; onclick=&#8221;custom_link&#8221; link=&#8221;https:\/\/www.valdeloire-foretdorleans.com\/en\/practical-info\/eat-local\/&#8221;][vc_column_text]<\/p>\n<h3 style=\"text-align: center;\">Local producers<\/h3>\n<p>[\/vc_column_text][\/vc_column][vc_column width=&#8221;1\/5&#8243; el_class=&#8221;bloaccueil&#8221;][vc_single_image image=&#8221;402166&#8243; img_size=&#8221;full&#8221; alignment=&#8221;center&#8221; onclick=&#8221;custom_link&#8221; link=&#8221;https:\/\/www.valdeloire-foretdorleans.com\/en\/on-the-go\/&#8221;][vc_column_text]<\/p>\n<h3 style=\"text-align: center;\">On the go<\/h3>\n<p>[\/vc_column_text][\/vc_column][\/vc_row][vc_row full_width=&#8221;stretch_row_content&#8221;][vc_column][vc_empty_space height=&#8221;70px&#8221;][vc_btn title=&#8221;Interactive map&#8221; style=&#8221;classic&#8221; shape=&#8221;square&#8221; color=&#8221;orange&#8221; size=&#8221;lg&#8221; align=&#8221;center&#8221; i_icon_fontawesome=&#8221;&#8221; add_icon=&#8221;true&#8221; link=&#8221;url:https%3A%2F%2Fwww.valdeloire-foretdorleans.com%2Finteractive-map%2F%3Flang%3Den|&#8221;][vc_empty_space height=&#8221;100px&#8221;][vc_custom_heading text=&#8221;What&#8217;s on&#8221; font_container=&#8221;tag:h2|text_align:center&#8221;][vc_empty_space height=&#8221;70px&#8221;][vc_row_inner el_class=&#8221;large&#8221;][vc_column_inner]<div id=\"blocbleu\"><a href=\"https:\/\/www.valdeloire-foretdorleans.com\/en\/exposition-artistique-a-la-maison-de-loire-tourbillons\/\"><div id=\"blocbleuimg\"><img decoding=\"async\" src=\"\/wp-content\/plugins\/yatadata\/public\/multimedias\/FMACEN045V5024IL\/Affiche-EXPO-3-TOURBILLONS-VF.jpg\"><\/div><div id=\"blocbleu_content\"><div id=\"blocbleu_txt\"><h2>Exposition artistique \u00e0 la Maison de Loire : Tourbillons<\/h2><span><\/span><span class=\"blocbleu_dates\">Du 09\/05\/2026 au 27\/06\/2026<\/span><span> \u00e0 JARGEAU<\/span><\/div><\/div><\/a><\/div><div id=\"blocautresdates\"><div id=\"blocautresdates_content\"><div class=\"other_event\"><a href=\"https:\/\/www.valdeloire-foretdorleans.com\/en\/exposition-artistique-au-musee-de-lartisanat-rural-ancien\/\"><div class=\"rondvert\"><p>Jusqu'au <span class=\"datedecoupee_jour\">28\/06<\/span><span class=\"datedecoupee_annee\">2026<\/span><\/p><\/div><p><span class=\"otherdate_vert\">Exposition R\u00c9CUP'ART au mus\u00e9e de l'artisanat rural ancien<\/span><\/p><p class=\"otherdate_dates\">Du 05\/04\/2026 au 28\/06\/2026 \u00e0 TIGY<\/p><\/a><\/div><div style=\"clear:both\"><\/div><div class=\"other_event\"><a href=\"https:\/\/www.valdeloire-foretdorleans.com\/en\/exposition-savoirs-de-loire-un-patrimoine-vivant\/\"><div class=\"rondvert\"><p>Jusqu'au <span class=\"datedecoupee_jour\">31\/10<\/span><span class=\"datedecoupee_annee\">2026<\/span><\/p><\/div><p><span class=\"otherdate_vert\">Exposition : Savoirs de Loire, un patrimoine vivant<\/span><\/p><p class=\"otherdate_dates\">Du 11\/04\/2026 au 31\/10\/2026 \u00e0 CHATEAUNEUF-SUR-LOIRE<\/p><\/a><\/div><div style=\"clear:both\"><\/div><div class=\"other_event\"><a href=\"https:\/\/www.valdeloire-foretdorleans.com\/en\/troc-aux-plantes\/\"><div class=\"rondvert\"><p>Le <span class=\"datedecoupee_jour\">10\/05<\/span><span class=\"datedecoupee_annee\">2026<\/span><\/p><\/div><p><span class=\"otherdate_vert\">Troc aux plantes<\/span><\/p><p class=\"otherdate_dates\">Le 10\/05\/2026 \u00e0 FAY-AUX-LOGES<\/p><\/a><\/div><div style=\"clear:both\"><\/div><div class=\"other_event\"><a href=\"https:\/\/www.valdeloire-foretdorleans.com\/en\/vide-greniers-6\/\"><div class=\"rondvert\"><p>Le <span class=\"datedecoupee_jour\">10\/05<\/span><span class=\"datedecoupee_annee\">2026<\/span><\/p><\/div><p><span class=\"otherdate_vert\">Vide-greniers<\/span><\/p><p class=\"otherdate_dates\">Le 10\/05\/2026 \u00e0 TIGY<\/p><\/a><\/div><div style=\"clear:both\"><\/div><\/div><\/div><div id=\"toutlagenda\"><a href=\"\/au-fil-de-lagenda\">Tout l\u2019agenda<\/a><\/div><\/div>[\/vc_column_inner][\/vc_row_inner][vc_empty_space height=&#8221;50px&#8221;][\/vc_column][\/vc_row][vc_row full_width=&#8221;stretch_row_content&#8221; equal_height=&#8221;yes&#8221; content_placement=&#8221;middle&#8221;][vc_column width=&#8221;2\/3&#8243; el_id=&#8221;cartelocalisation&#8221;][vc_single_image image=&#8221;6104&#8243; img_size=&#8221;full&#8221; alignment=&#8221;right&#8221;][vc_empty_space height=&#8221;50px&#8221;][\/vc_column][vc_column width=&#8221;1\/3&#8243; el_id=&#8221;localisation-info&#8221;][vc_column_text]<\/p>\n<h2>Where are we?<\/h2>\n<p><span style=\"font-weight: 400;\">In the centre of France, in the land of the Ch\u00e2teaux of the Loire and the Loire cycle route, our &#8220;Val de LOIRE &amp; FORET d&#8217;Orl\u00e9ans&#8221; tourist region is located in the heart of the Loiret department:<\/span><\/p>\n<ul style=\"list-style-type: disc;\">\n<li><span style=\"font-weight: 400;\">130 km south of Paris<\/span><\/li>\n<li><span style=\"font-weight: 400;\">20-30 km east of Orl\u00e9ans<\/span><\/li>\n<li><span style=\"font-weight: 400;\">40-50 km from Montargis, Pithiviers and Gien&#8230;<\/span><\/li>\n<\/ul>\n<p>[\/vc_column_text][vc_btn title=&#8221;How to get here&#8221; style=&#8221;classic&#8221; shape=&#8221;square&#8221; color=&#8221;orange&#8221; link=&#8221;url:%2F%3Fpage_id%3D4136|&#8221;][vc_btn title=&#8221;Contact us&#8221; style=&#8221;classic&#8221; shape=&#8221;square&#8221; color=&#8221;orange&#8221; link=&#8221;url:https%3A%2F%2Fwww.valdeloire-foretdorleans.com%2Fcontact-us%2F%3Flang%3Den|&#8221;][vc_btn title=&#8221;At the crossroads of the Loire \u00e0 V\u00e9lo and the Scandib\u00e9rique routes&#8221; style=&#8221;classic&#8221; shape=&#8221;square&#8221; color=&#8221;orange&#8221; link=&#8221;url:https%3A%2F%2Fwww.valdeloire-foretdorleans.com%2Fat-the-crossroads-of-the-loire-a-velo-and-scandiberique-cycle-routes%2F%3Flang%3Den|&#8221;][\/vc_column][\/vc_row]<\/p>\n<\/div>","protected":false},"excerpt":{"rendered":"<p>[vc_row][vc_column][vc_empty_space height=&#8221;64px&#8221;][vc_btn title=&#8221;EVERYTHING ABOUT THE ETANG DE LA VALLEE LEISURE CENTRE&#8221; color=&#8221;primary&#8221; size=&#8221;lg&#8221; align=&#8221;center&#8221; link=&#8221;url:https%3A%2F%2Fwww.valdeloire-foretdorleans.com%2Fen%2Fetang-de-la-vallee%2F|title:ACTUALIT%C3%89S%20-%20NOUVEAUT%C3%89S|target:_blank&#8221;][vc_empty_space height=&#8221;50px&#8221;][vc_custom_heading text=&#8221;STAY, EAT &amp; DISCOVER&#8221; font_container=&#8221;tag:h2|text_align:center&#8221;][vc_custom_heading text=&#8221;IN THE VAL DE LOIRE AND ORL\u00c9ANS FOREST&#8221; font_container=&#8221;tag:h3|text_align:center&#8221;][vc_empty_space height=&#8221;50px&#8221;][\/vc_column][\/vc_row][vc_row full_width=&#8221;stretch_row_content_no_spaces&#8221; equal_height=&#8221;yes&#8221; content_placement=&#8221;bottom&#8221; css_animation=&#8221;none&#8221;][vc_column width=&#8221;1\/5&#8243; el_class=&#8221;bloaccueil&#8221; offset=&#8221;vc_col-xs-12&#8243;][vc_single_image image=&#8221;1195304&#8243; img_size=&#8221;full&#8221; alignment=&#8221;center&#8221; onclick=&#8221;custom_link&#8221; link=&#8221;\/the-essentials\/&#8221;][vc_column_text] The essentials [\/vc_column_text][\/vc_column][vc_column width=&#8221;1\/5&#8243; el_class=&#8221;bloaccueil&#8221;][vc_single_image image=&#8221;402157&#8243; img_size=&#8221;full&#8221; alignment=&#8221;center&#8221; onclick=&#8221;custom_link&#8221; link=&#8221;https:\/\/www.valdeloire-foretdorleans.com\/en\/stay\/&#8221;][vc_column_text] Stay [\/vc_column_text][\/vc_column][vc_column [&hellip;]<\/p>\n","protected":false},"author":2,"featured_media":0,"parent":0,"menu_order":0,"comment_status":"closed","ping_status":"closed","template":"template-accueil.php","meta":{"_acf_changed":false,"footnotes":""},"class_list":["post-398922","page","type-page","status-publish","hentry"],"acf":[],"_links":{"self":[{"href":"https:\/\/www.valdeloire-foretdorleans.com\/en\/wp-json\/wp\/v2\/pages\/398922","targetHints":{"allow":["GET"]}}],"collection":[{"href":"https:\/\/www.valdeloire-foretdorleans.com\/en\/wp-json\/wp\/v2\/pages"}],"about":[{"href":"https:\/\/www.valdeloire-foretdorleans.com\/en\/wp-json\/wp\/v2\/types\/page"}],"author":[{"embeddable":true,"href":"https:\/\/www.valdeloire-foretdorleans.com\/en\/wp-json\/wp\/v2\/users\/2"}],"replies":[{"embeddable":true,"href":"https:\/\/www.valdeloire-foretdorleans.com\/en\/wp-json\/wp\/v2\/comments?post=398922"}],"version-history":[{"count":5,"href":"https:\/\/www.valdeloire-foretdorleans.com\/en\/wp-json\/wp\/v2\/pages\/398922\/revisions"}],"predecessor-version":[{"id":1198870,"href":"https:\/\/www.valdeloire-foretdorleans.com\/en\/wp-json\/wp\/v2\/pages\/398922\/revisions\/1198870"}],"wp:attachment":[{"href":"https:\/\/www.valdeloire-foretdorleans.com\/en\/wp-json\/wp\/v2\/media?parent=398922"}],"curies":[{"name":"wp","href":"https:\/\/api.w.org\/{rel}","templated":true}]}}