{"id":1194953,"date":"2023-08-02T08:34:06","date_gmt":"2023-08-02T08:34:06","guid":{"rendered":"https:\/\/www.valdeloire-foretdorleans.com\/?page_id=1194953"},"modified":"2023-10-31T14:49:25","modified_gmt":"2023-10-31T14:49:25","slug":"a-group-experience","status":"publish","type":"page","link":"https:\/\/www.valdeloire-foretdorleans.com\/en\/experiences-2\/a-group-experience\/","title":{"rendered":"A group experience!"},"content":{"rendered":"<div class=\"wpb-content-wrapper\"><p>[vc_row][vc_column][vc_column_text]<\/p>\n<h1 style=\"text-align: center;\">An experience in the heart of nature<\/h1>\n<p style=\"text-align: center;\">The Loire Valley and For\u00eat d&#8217;Orl\u00e9ans is a land of nature, where the Loire landscapes,<br \/>\nplains, pastoral landscapes and forest massifs.<br \/>\nOn foot, on horseback or by boat, on the Loire or in the forest,<\/p>\n<h3 style=\"text-align: center;\">enjoy a unique group experience thanks to our many service providers.<\/h3>\n<p>[\/vc_column_text][vc_empty_space][vc_separator color=&#8221;vista_blue&#8221;][vc_column_text]<\/p>\n<h2>Sailor for a day<\/h2>\n<p>A day exploring the <strong><a href=\"https:\/\/www.valdeloire-foretdorleans.com\/musee-de-la-marine-de-loire\/\" target=\"_blank\" rel=\"noopener\">Marine de Loire Museum <\/a><\/strong>in the morning, lunch in a restaurant and navigation on the Loire with the <strong><a href=\"https:\/\/www.valdeloire-foretdorleans.com\/passeurs-de-loire-la-grande-aigrette\/\" target=\"_blank\" rel=\"noopener\">Passeurs de Loire<\/a><\/strong> in the afternoon.<\/p>\n<p>From April to the end of October for groups of 20 to 52 people, the day is offered by <strong><a href=\"https:\/\/www.circuitsgroupesloiret.com\/\" target=\"_blank\" rel=\"noopener\">Tourisme Loiret<\/a><\/strong>.<\/p>\n<p>Click <strong><a href=\"https:\/\/www.circuitsgroupesloiret.com\/marinier-dun-jour\/\" target=\"_blank\" rel=\"noopener\">HERE<\/a><\/strong>\u00a0for details, prices and booking[\/vc_column_text][vc_empty_space][vc_separator color=&#8221;vista_blue&#8221;][vc_column_text]<\/p>\n<h2>From organic farming to fishing<\/h2>\n<p>Morning visit to an <a href=\"https:\/\/www.valdeloire-foretdorleans.com\/earl-aribaud-ferme-de-la-pharmacie\/\" target=\"_blank\" rel=\"noopener\"><strong>organic farm<\/strong><\/a>, lunch in a restaurant.<br \/>\nMeet <strong><a href=\"https:\/\/www.valdeloire-foretdorleans.com\/les-pecheurs-de-loire\/\" target=\"_blank\" rel=\"noopener\">Bruno, a professional Loire fisherman<\/a><\/strong>\u00a0and conservationist, on the banks of the Loire, visit the processing workshop and taste Loire fish rillettes and terrines, and meet a Loire fisherman.<\/p>\n<p>From April to the end of October for groups of 20 to 35 people, the day is offered by <strong><a href=\"https:\/\/www.circuitsgroupesloiret.com\/\" target=\"_blank\" rel=\"noopener\">Tourisme Loiret<\/a><\/strong>.<\/p>\n<p>Details, prices and booking by clicking <strong><a href=\"https:\/\/www.circuitsgroupesloiret.com\/de-lagriculture-biologique-a-la-peche\/\" target=\"_blank\" rel=\"noopener\">HERE<\/a><\/strong>[\/vc_column_text][vc_empty_space][vc_separator color=&#8221;vista_blue&#8221;][vc_column_text]<\/p>\n<h2>The Loire passionately<\/h2>\n<p>Meet <strong><a href=\"https:\/\/www.valdeloire-foretdorleans.com\/les-pecheurs-de-loire\/\" target=\"_blank\" rel=\"noopener\">Bruno, a professional Loire fisherman<\/a><\/strong>\u00a0and curator, on the banks of the Loire, visit his processing workshop and taste Loire fish rillettes and terrines. Lunch in a restaurant.<br \/>\nSail the Loire for 2 hours on a toue with Les <strong><a href=\"https:\/\/www.valdeloire-foretdorleans.com\/passeurs-de-loire-la-grande-aigrette\/\" target=\"_blank\" rel=\"noopener\">Passeurs de Loire<\/a><\/strong>.<\/p>\n<p>From April to the end of September for groups of 20 to 52 people, the day is offered by <strong><a href=\"https:\/\/www.circuitsgroupesloiret.com\/\" target=\"_blank\" rel=\"noopener\">Tourisme Loiret<\/a><\/strong>.<\/p>\n<p>Details, prices and booking <strong><a href=\"https:\/\/www.circuitsgroupesloiret.com\/la-loire-passionnement\/\" target=\"_blank\" rel=\"noopener\">HERE<\/a><\/strong>[\/vc_column_text][vc_empty_space][vc_separator color=&#8221;vista_blue&#8221;][vc_column_text]<\/p>\n<h2>A unique experience in the Loiret region<\/h2>\n<p>Enjoy a convivial lunch on the <a href=\"https:\/\/www.valdeloire-foretdorleans.com\/rendez-vous-en-terre-animale\/\" target=\"_blank\" rel=\"noopener\"><strong>Rendez-vous en Terre Animale<\/strong><\/a> site and meet the animal stars of the cinema.<\/p>\n<p>From March to October for groups of 20 to 40 people, the day is offered by <strong><a href=\"https:\/\/www.circuitsgroupesloiret.com\/\" target=\"_blank\" rel=\"noopener\">Tourisme Loiret<\/a><\/strong>.[\/vc_column_text][vc_empty_space][vc_separator color=&#8221;vista_blue&#8221;][vc_column_text]<\/p>\n<h2>The Loire, nature&#8217;s splendor<\/h2>\n<p>Rendezvous with les <a href=\"https:\/\/www.valdeloire-foretdorleans.com\/passeurs-de-loire-laigrette\/\" target=\"_blank\" rel=\"noopener\"><strong>passeurs de Loire<\/strong><\/a> for a river cruise and cold lunch on board.<\/p>\n<p>Hiking <a href=\"https:\/\/www.valdeloire-foretdorleans.com\/parc-naturel-departemental-de-chateauneuf-sur-loire\/\" target=\"_blank\" rel=\"noopener\"><strong>in the grounds of Ch\u00e2teauneuf-sur-Loire castle<\/strong><\/a>.<\/p>\n<p>From April to October for groups of 20 to 50 people, the day is offered by <strong><a href=\"https:\/\/www.circuitsgroupesloiret.com\/\" target=\"_blank\" rel=\"noopener\">Tourisme Loiret<\/a><\/strong>.<\/p>\n<p>Details, prices and booking by clicking <strong><a href=\"https:\/\/www.circuitsgroupesloiret.com\/la-loire-la-splendeur-nature\" target=\"_blank\" rel=\"noopener\">HERE<\/a><\/strong>[\/vc_column_text][vc_empty_space][vc_separator color=&#8221;vista_blue&#8221;][vc_column_text]<\/p>\n<h2>Following the trail of the beaver on the banks of the Loire<\/h2>\n<p>Florian will tell you all about this rodent&#8217;s life, habits and diet&#8230; Armed with binoculars, a spyglass and patience, you&#8217;ll discover the beaver in its natural habitat.<br \/>\nMaximum 15 people.<br \/>\nContact the <strong><a href=\"https:\/\/www.maisondeloire45.fr\/#\" target=\"_blank\" rel=\"noopener\">Maison de Loire du Loiret in Jargeau<\/a><\/strong>[\/vc_column_text][vc_empty_space][vc_separator color=&#8221;vista_blue&#8221;][vc_column_text]<\/p>\n<h2>Recharge your batteries in the forest<\/h2>\n<p>Return to calm and reconnect with nature<br \/>\nLet Francine guide you on sophro-nature walks or forest baths.<br \/>\n8 to 10 people maximum.<br \/>\n<strong><a href=\"https:\/\/www.valdeloire-foretdorleans.com\/des-petits-pas-vers-soi\/\" target=\"_blank\" rel=\"noopener noreferrer\">Contact Des Petits Pas vers Soi in Seichebri\u00e8res.<\/a><\/strong>[\/vc_column_text][vc_empty_space][vc_separator color=&#8221;vista_blue&#8221;][vc_column_text]<\/p>\n<h2>Sail down the Loire in a traditional boat<\/h2>\n<p>Board now!<br \/>\nListen to Jean-Philippe tell you all about the Loire, its secrets and admire its exceptional landscapes. Eyes wide open!<br \/>\n<strong><a href=\"https:\/\/www.passeursdeloire.fr\/fr\/\" target=\"_blank\" rel=\"noopener noreferrer\">Contact Les Passeurs de Loire in Sigloy<\/a><\/strong><\/p>\n<p>[\/vc_column_text][vc_empty_space][vc_separator color=&#8221;vista_blue&#8221;][vc_column_text]<\/p>\n<h2>Immerse yourself with the wolves<\/h2>\n<p>Spend a day with the pack or learn the trade of training animals for the cinema.<br \/>\nContact <a href=\"https:\/\/www.valdeloire-foretdorleans.com\/rendez-vous-en-terre-animale\/\" target=\"_blank\" rel=\"noopener\"><strong>Rendez-vous en Terre animale in Sury-aux-Bois<\/strong><\/a>.[\/vc_column_text][vc_empty_space][vc_separator color=&#8221;vista_blue&#8221;][vc_column_text]<\/p>\n<h2>Discover life on a farm<\/h2>\n<p>An educational visit to a mixed farm (market gardening) and livestock farm, certified organic.<br \/>\nContact <strong><a href=\"https:\/\/www.valdeloire-foretdorleans.com\/ferme-biologique-et-pedagogique-saute-mouton\/\" target=\"_blank\" rel=\"noopener\">&#8220;Saute-Mouton&#8221;<\/a><\/strong> educational farm[\/vc_column_text][vc_empty_space][vc_separator color=&#8221;vista_blue&#8221;][vc_empty_space height=&#8221;50px&#8221;][vc_separator color=&#8221;black&#8221; style=&#8221;dotted&#8221; border_width=&#8221;4&#8243; el_width=&#8221;80&#8243;][vc_column_text]<\/p>\n<h1 style=\"text-align: center;\"><span style=\"color: #a8053b;\">Share a moment of relaxation or a workshop between girls<\/span><\/h1>\n<p>[\/vc_column_text][vc_empty_space][vc_column_text]<\/p>\n<h2>Relaxation, sauna, balneotherapy and herbal tea just for you.<\/h2>\n<p>Treat yourself to a moment of well-being at <a href=\"https:\/\/www.valdeloire-foretdorleans.com\/sauna-balneo-tisanerie-chez-m-institut\/\" target=\"_blank\" rel=\"noopener\"><strong>M. Institut<\/strong><\/a>.<br \/>\nEntirely dedicated to relaxation, our spa offers access to a sauna, a salt wall and a whirlpool bath. High-quality equipment to help you feel rested and relaxed.<br \/>\nContact <a href=\"https:\/\/www.valdeloire-foretdorleans.com\/sauna-balneo-tisanerie-chez-m-institut\/\" target=\"_blank\" rel=\"noopener\"><strong>M. Institut<\/strong><\/a> in Jargeau[\/vc_column_text][vc_empty_space][vc_column_text]<\/p>\n<h2>Creating your own beauty products<\/h2>\n<p>Jennifer shares her know-how with you:<br \/>\nDIY shampoos, oils, exfoliating creams, deodorants &#8230; to create in a group<br \/>\nContact <strong><a href=\"http:\/\/www.jennifleurs.fr\/\" target=\"_blank\" rel=\"noopener noreferrer\">Jennifleurs<\/a><\/strong> in Ch\u00e2teauneuf-sur-Loire[\/vc_column_text][vc_empty_space][vc_separator color=&#8221;black&#8221; style=&#8221;dotted&#8221; border_width=&#8221;4&#8243; el_width=&#8221;80&#8243;][vc_empty_space height=&#8221;20px&#8221;][vc_column_text]<\/p>\n<h1 style=\"text-align: center;\"><span style=\"color: #3366ff;\">Ideas for an activity with friends<\/span><\/h1>\n<p>[\/vc_column_text][vc_empty_space][vc_column_text]<\/p>\n<h2>Be an adventurer for a weekend<\/h2>\n<p>Canoe down the Loire<br \/>\nContact <strong><a href=\"https:\/\/www.valdeloire-foretdorleans.com\/absolument-canoe\/\" target=\"_blank\" rel=\"noopener\">Absolument Cano\u00eb in Ch\u00e2teauneuf-sur-Loire<\/a><\/strong>[\/vc_column_text][vc_empty_space][vc_column_text]<\/p>\n<h2>Rent electric bikes and cycle the Loire Valley<\/h2>\n<p>Swallowing up the miles on an electric-assist bike in a group, you won&#8217;t get tired!<br \/>\nContact <strong style=\"font-size: 16px;\"><a href=\"https:\/\/www.valdeloire-foretdorleans.com\/velo-val-de-loire-jargeau\/\" target=\"_blank\" rel=\"noopener\">V\u00e9lo Val de Loire \u00e0 Jargeau<\/a><\/strong>[\/vc_column_text][vc_empty_space][vc_column_text]<\/p>\n<h2>Axe throwing, Gel Blaster, Escape Game nature, canoeing and paddle boarding<\/h2>\n<p>Put your trust in Boyer Sport Nature at the Etang de la Vall\u00e9e leisure park<br \/>\nContact <a href=\"https:\/\/www.valdeloire-foretdorleans.com\/boyer-sport-nature\/\" target=\"_blank\" rel=\"noopener\"><strong>Boyer Sport Nature \u00e0 Combreux<\/strong><\/a>[\/vc_column_text][vc_empty_space][vc_separator color=&#8221;black&#8221; style=&#8221;dotted&#8221; border_width=&#8221;4&#8243; el_width=&#8221;80&#8243;][vc_empty_space height=&#8221;20px&#8221;][vc_column_text]<\/p>\n<h2 style=\"text-align: center;\"><span style=\"color: #003300;\">A private tour for my association<\/span><\/h2>\n<p>[\/vc_column_text][vc_empty_space height=&#8221;20px&#8221;][vc_column_text]<\/p>\n<h2>Relive the life of bargemen in the days of the ancient Loire navy<\/h2>\n<p>&#8220;Manants sur terre, seigneurs sur l&#8217;eau&#8221; (&#8220;Gentlemen on land, lords on water&#8221;)<br \/>\nContact the <strong style=\"font-size: 16px;\"><a href=\"https:\/\/www.valdeloire-foretdorleans.com\/musee-de-la-marine-de-loire\/\" target=\"_blank\" rel=\"noopener noreferrer\">marine de Loire Museum in Ch\u00e2teauneuf-sur-Loire.<\/a><\/strong>[\/vc_column_text][vc_empty_space height=&#8221;20px&#8221;][vc_column_text]<\/p>\n<h2>Rediscover the trades of our ancestors<\/h2>\n<p>An old grocer&#8217;s store, an artificial flower factory, a dog carriage, and so many other everyday objects of yesteryear&#8230;<br \/>\n<strong><a href=\"https:\/\/www.valdeloire-foretdorleans.com\/musee-de-lartisanat-rural-ancien\/\" target=\"_blank\" rel=\"noopener noreferrer\">Contact the museum of ancient rural crafts in Tigy<\/a><\/strong>[\/vc_column_text][vc_empty_space height=&#8221;20px&#8221;][vc_column_text]<\/p>\n<h2>Share the world of Maurice Genevoix, a child of the country<\/h2>\n<p>From Raboliot to R\u00e9mi des Rauches, from the Great War to Les Vernelles&#8230;<br \/>\nContact <strong><a href=\"https:\/\/www.valdeloire-foretdorleans.com\/exposition-permanente-maurice-genevoix\/\" target=\"_blank\" rel=\"noopener noreferrer\">l&#8217;A.C.A.D.M.G. in Saint-Denis-de-l&#8217;H\u00f4tel<\/a><\/strong>[\/vc_column_text][vc_empty_space height=&#8221;20px&#8221;][vc_column_text]<\/p>\n<h2>Recharge your batteries in the peace and quiet of an arboretum in the Orl\u00e9ans forest.<\/h2>\n<p>Discover the areas dedicated to each continent and admire the magnolias, heathers and old roses.<br \/>\n<strong><a href=\"https:\/\/www.valdeloire-foretdorleans.com\/arboretum-des-grandes-bruyeres\/\" target=\"_blank\" rel=\"noopener noreferrer\">Contact the arboretum des Grandes Bruy\u00e8res at Ingrannes<\/a><\/strong>[\/vc_column_text][vc_empty_space height=&#8221;20px&#8221;][vc_column_text]<\/p>\n<h2>Horse-drawn carriage rides to Etang de la Vall\u00e9e in the Orl\u00e9ans forest<\/h2>\n<p>Several possible circuits, 30mn, 1h, 1h30, between the Canal d&#8217;Orl\u00e9ans, Etang de la Vall\u00e9e, Belv\u00e9d\u00e8re des Caillettes and the national forest.<br \/>\nFull-day tour from Vitry-aux-Loges to Etang de la Vall\u00e9e, with organic goat&#8217;s cheese tasting and a glass of organic wine made with horses.<br \/>\nContact<strong><a href=\"https:\/\/www.valdeloire-foretdorleans.com\/balades-en-caleche-a-letang-de-la-vallee-et-en-foret-domaniale\/\" target=\"_blank\" rel=\"noopener\">\u00a0Trait Service 45<\/a><\/strong>[\/vc_column_text][vc_empty_space height=&#8221;20px&#8221;][vc_column_text]<\/p>\n<h2>Immerse yourself in Gallo-Roman times<\/h2>\n<p>Discover the remains uncovered during archaeological excavations carried out in 1968.<br \/>\n<strong><a href=\"https:\/\/www.valdeloire-foretdorleans.com\/musee-lapidaire-gallo-romain\/\" target=\"_blank\" rel=\"noopener noreferrer\">Contact the Vienne-en-Val Gallo-Roman Lapidary Museum<\/a><\/strong>[\/vc_column_text][vc_empty_space height=&#8221;20px&#8221;][vc_separator color=&#8221;black&#8221; style=&#8221;dotted&#8221; border_width=&#8221;4&#8243; el_width=&#8221;80&#8243;][vc_empty_space height=&#8221;20px&#8221;][\/vc_column][\/vc_row][vc_row][vc_column width=&#8221;1\/6&#8243;][\/vc_column][vc_column width=&#8221;2\/3&#8243;][vc_column_text]<\/p>\n<h1 style=\"text-align: center;\">Find a restaurant that accepts groups<\/h1>\n<p>[\/vc_column_text][vc_column_text]<\/p>\n<p style=\"text-align: left;\">Up to 30 people:<br \/>\n&#8211; Restaurant <a href=\"https:\/\/www.valdeloire-foretdorleans.com\/la-gabare\/\" target=\"_blank\" rel=\"noopener\">La Gabare<\/a> in Ch\u00e2teauneuf-sur-Loire<\/p>\n<p>&nbsp;<\/p>\n<p style=\"text-align: left;\">For up to 35 people :<br \/>\n&#8211; Restaurant <a href=\"https:\/\/www.valdeloire-foretdorleans.com\/restaurant-le-lotus-dor\/\" target=\"_blank\" rel=\"noopener\">Le Lotus d&#8217;Or<\/a> in Ch\u00e2teauneuf-sur-Loire<br \/>\n&#8211; Le <a href=\"https:\/\/www.valdeloire-foretdorleans.com\/cafe-de-la-mairie\/\" target=\"_blank\" rel=\"noopener\">Caf\u00e9 de la Mairie<\/a> in Bouzy-la-For\u00eat<\/p>\n<p>&nbsp;<\/p>\n<p style=\"text-align: left;\">For up to 40 people:<br \/>\n<a href=\"https:\/\/www.valdeloire-foretdorleans.com\/restaurant-le-robs\/\" target=\"_blank\" rel=\"noopener\">Restaurant Le Rob&#8217;s<\/a> in Ch\u00e2teauneuf-sur-Loire<br \/>\n<a href=\"https:\/\/www.valdeloire-foretdorleans.com\/leau-des-lys\/\" target=\"_blank\" rel=\"noopener\">Brasserie L&#8217;Eau des Lys<\/a>, Jargeau<br \/>\nRestaurant <a href=\"https:\/\/www.valdeloire-foretdorleans.com\/au-ptit-bonheur\/\" target=\"_blank\" rel=\"noopener\">Au p&#8217;tit bonheur<\/a> in Saint-Martin-d&#8217;Abbat<\/p>\n<p>&nbsp;<\/p>\n<p style=\"text-align: left;\">For up to 45 people:<br \/>\n<a href=\"https:\/\/www.valdeloire-foretdorleans.com\/auberge-de-vienne\/\" target=\"_blank\" rel=\"noopener\">Auberge de Vienne<\/a> in Vienne-en-Val<\/p>\n<p>&nbsp;<\/p>\n<p style=\"text-align: left;\">Up to 50 people:<br \/>\n<a href=\"https:\/\/www.valdeloire-foretdorleans.com\/brasserie-de-leurope\/\" target=\"_blank\" rel=\"noopener\">La Brasserie de l&#8217;Europe<\/a> in Ch\u00e2teauneuf-sur-Loire<br \/>\n<a href=\"https:\/\/www.valdeloire-foretdorleans.com\/brasserie-des-arts\/\" target=\"_blank\" rel=\"noopener\">La Brasserie des Arts<\/a> in Ch\u00e2teauneuf-sur-Loire<br \/>\n<a href=\"https:\/\/www.valdeloire-foretdorleans.com\/la-ptite-parlotte\/\" target=\"_blank\" rel=\"noopener\">La P&#8217;tite Parlotte<\/a> in Ch\u00e2teauneuf-sur-Loire<br \/>\n<a href=\"https:\/\/www.valdeloire-foretdorleans.com\/eric-traiteur-des-loges\/\" target=\"_blank\" rel=\"noopener\">Eric Traiteur des Loges<\/a> in Ingrannes<br \/>\n<a href=\"https:\/\/www.valdeloire-foretdorleans.com\/asie-pacifique\/\" target=\"_blank\" rel=\"noopener\">Asie Pacifique<\/a> in Jargeau<br \/>\n<a href=\"https:\/\/www.valdeloire-foretdorleans.com\/auberge-du-cheval-blanc\/\" target=\"_blank\" rel=\"noopener\">Auberge du Cheval Blanc<\/a> in Tigy<\/p>\n<p>&nbsp;<\/p>\n<p style=\"text-align: left;\">Up to 60 people:<br \/>\n<a href=\"https:\/\/www.valdeloire-foretdorleans.com\/cafe-de-la-gare\/\" target=\"_blank\" rel=\"noopener\">Le Caf\u00e9 de la Gare<\/a> in Saint-Denis-de-l&#8217;H\u00f4tel<br \/>\n<a href=\"https:\/\/www.valdeloire-foretdorleans.com\/auberge-du-cheval-blanc-2\/\" target=\"_blank\" rel=\"noopener\">L&#8217;Auberge du Cheval Blanc<\/a> in Sully-la-Chapelle<br \/>\n<a href=\"https:\/\/www.valdeloire-foretdorleans.com\/le-cheval-blanc\/\" target=\"_blank\" rel=\"noopener\">Le Cheval Blanc<\/a> in Jargeau<\/p>\n<p>&nbsp;<\/p>\n<p style=\"text-align: left;\">Up to 80 people:<br \/>\nRestaurant <a href=\"https:\/\/www.valdeloire-foretdorleans.com\/limpact\/\" target=\"_blank\" rel=\"noopener\">L&#8217;impact<\/a> in Donnery<\/p>\n<p>&nbsp;<\/p>\n<p style=\"text-align: left;\">Up to 150 people :<br \/>\n<a href=\"https:\/\/www.valdeloire-foretdorleans.com\/chateau-de-chicamour-2\/\" target=\"_blank\" rel=\"noopener\">Le Ch\u00e2teau de Chicamour<\/a> in Sury-aux-Bois<\/p>\n<p>[\/vc_column_text][\/vc_column][vc_column width=&#8221;1\/6&#8243;][\/vc_column][\/vc_row]<\/p>\n<\/div>","protected":false},"excerpt":{"rendered":"<p>[vc_row][vc_column][vc_column_text] An experience in the heart of nature The Loire Valley and For\u00eat d&#8217;Orl\u00e9ans is a land of nature, where the Loire landscapes, plains, pastoral landscapes and forest massifs. On foot, on horseback or by boat, on the Loire or in the forest, enjoy a unique group experience thanks to our many service providers. [\/vc_column_text][vc_empty_space][vc_separator [&hellip;]<\/p>\n","protected":false},"author":9,"featured_media":1196017,"parent":398938,"menu_order":11,"comment_status":"closed","ping_status":"closed","template":"","meta":{"_acf_changed":false,"footnotes":""},"class_list":["post-1194953","page","type-page","status-publish","has-post-thumbnail","hentry"],"acf":[],"_links":{"self":[{"href":"https:\/\/www.valdeloire-foretdorleans.com\/en\/wp-json\/wp\/v2\/pages\/1194953","targetHints":{"allow":["GET"]}}],"collection":[{"href":"https:\/\/www.valdeloire-foretdorleans.com\/en\/wp-json\/wp\/v2\/pages"}],"about":[{"href":"https:\/\/www.valdeloire-foretdorleans.com\/en\/wp-json\/wp\/v2\/types\/page"}],"author":[{"embeddable":true,"href":"https:\/\/www.valdeloire-foretdorleans.com\/en\/wp-json\/wp\/v2\/users\/9"}],"replies":[{"embeddable":true,"href":"https:\/\/www.valdeloire-foretdorleans.com\/en\/wp-json\/wp\/v2\/comments?post=1194953"}],"version-history":[{"count":5,"href":"https:\/\/www.valdeloire-foretdorleans.com\/en\/wp-json\/wp\/v2\/pages\/1194953\/revisions"}],"predecessor-version":[{"id":1196018,"href":"https:\/\/www.valdeloire-foretdorleans.com\/en\/wp-json\/wp\/v2\/pages\/1194953\/revisions\/1196018"}],"up":[{"embeddable":true,"href":"https:\/\/www.valdeloire-foretdorleans.com\/en\/wp-json\/wp\/v2\/pages\/398938"}],"wp:featuredmedia":[{"embeddable":true,"href":"https:\/\/www.valdeloire-foretdorleans.com\/en\/wp-json\/wp\/v2\/media\/1196017"}],"wp:attachment":[{"href":"https:\/\/www.valdeloire-foretdorleans.com\/en\/wp-json\/wp\/v2\/media?parent=1194953"}],"curies":[{"name":"wp","href":"https:\/\/api.w.org\/{rel}","templated":true}]}}