{"id":1194941,"date":"2023-08-02T08:19:13","date_gmt":"2023-08-02T08:19:13","guid":{"rendered":"https:\/\/www.valdeloire-foretdorleans.com\/?page_id=1194941"},"modified":"2023-08-02T08:30:28","modified_gmt":"2023-08-02T08:30:28","slug":"in-the-footsteps-of-maurice-genevoix","status":"publish","type":"page","link":"https:\/\/www.valdeloire-foretdorleans.com\/en\/experiences-2\/in-the-footsteps-of-maurice-genevoix\/","title":{"rendered":"In the footsteps of Maurice Genevoix"},"content":{"rendered":"<div class=\"wpb-content-wrapper\"><p>[vc_row][vc_column width=&#8221;3\/4&#8243;][vc_column_text]<span style=\"font-size: 18pt;\"><strong>Cultural tour in memory of Maurice Genevoix<\/strong><\/span><br \/>\n<span style=\"font-size: 14pt;\"><strong>in Ch\u00e2teauneuf-sur-Loire<\/strong><\/span>[\/vc_column_text][vc_empty_space][vc_column_text]Do you know Ceux de 14? Probably!<br \/>\nAnd Raboliot? And La for\u00eat voisine?<br \/>\nCh\u00e2teauneuf-sur-Loire invites you to discover the places where Maurice Genevoix grew up, and which inspired much of his work after Ceux de 14.<\/p>\n<p>&nbsp;<\/p>\n<p><strong><span style=\"color: #00ff00;\"><a style=\"color: #00ff00;\" href=\"http:\/\/www.musee-marinedeloire.fr\/le-circuit-maurice-genevoix\/\" target=\"_blank\" rel=\"noopener\"><span style=\"color: #008080;\">This cultural tour<\/span><\/a><\/span><\/strong>\u00a0in the footsteps of the French academician takes you through the narrow streets and alleys of Ch\u00e2teauneuf-sur-Loire, from the family store on the banks of the Loire to the clock face of its bell tower.<\/p>\n<p>&nbsp;<\/p>\n<p>And don&#8217;t forget the new space devoted to Maurice Genevoix at the <strong><span style=\"color: #00ccff;\"><a style=\"color: #00ccff;\" href=\"http:\/\/www.musee-marinedeloire.fr\/expositions-et-actualites\/actualites\/reamenagements\/\" target=\"_blank\" rel=\"noopener\">marine de Loire Museum<\/a><\/span><\/strong>[\/vc_column_text][vc_empty_space][vc_separator color=&#8221;sky&#8221; style=&#8221;shadow&#8221; border_width=&#8221;3&#8243;][vc_empty_space][\/vc_column][vc_column width=&#8221;1\/4&#8243;][vc_single_image][\/vc_column][\/vc_row][vc_row][vc_column width=&#8221;1\/4&#8243;][vc_single_image][\/vc_column][vc_column width=&#8221;3\/4&#8243;][vc_column_text]<span style=\"font-size: 18pt;\"><strong>Maurice Genevoix, a hymn to Life<\/strong><\/span><br \/>\n<span style=\"font-size: 14pt;\"><strong>in Ch\u00e2teauneuf-sur-Loire<\/strong><\/span>[\/vc_column_text][vc_column_text]Missed the Mus\u00e9e de la Marine de Loire&#8217;s temporary exhibition on Maurice Genevoix in 2018?<br \/>\n(Re)discover his childhood and life on the banks of the Loire, between Decize, Ch\u00e2teauneuf-sur-Loire, Saint-Denis-de-l&#8217;H\u00f4tel&#8230;<br \/>\n<strong><span style=\"color: #00ff00;\"><a style=\"color: #00ff00;\" href=\"http:\/\/www.musee-marinedeloire.fr\/boutique-2\/\" target=\"_blank\" rel=\"noopener noreferrer\">Catalog on sale for \u20ac15 at the Mus\u00e9e de la Marine de Loire.<\/a><\/span><\/strong>[\/vc_column_text][vc_empty_space][vc_empty_space][vc_separator color=&#8221;green&#8221; style=&#8221;shadow&#8221; border_width=&#8221;3&#8243;][\/vc_column][\/vc_row][vc_row][vc_column width=&#8221;3\/4&#8243;][vc_column_text]<span style=\"font-size: 18pt;\"><strong>The permanent exhibition at the Centre culturel<\/strong><\/span><br \/>\n<span style=\"font-size: 14pt;\"><strong>of Saint-Denis-de-l&#8217;H\u00f4tel<\/strong><\/span>[\/vc_column_text][vc_column_text]Push open the doors of the Centre Culturel Maurice Genevoix&#8230; and you&#8217;ll meet the narrator of Ceux de 14, the author of Raboliot, a defender of nature and a lover of the Loire, Sologne and the For\u00eat d&#8217;Orl\u00e9ans&#8230;<\/p>\n<p>The permanent exhibition consists mainly of wall paintings, a biographical panel and a listening terminal with excerpts from the work. All things considered, which do you prefer? The local boy or the valiant soldier? The Loir\u00e9tain but also the friend of the arts? The family man and grandfather, or the lover of the Vernelles?<\/p>\n<p>Temporary exhibition: Maurice Genevoix, from pen to brush.<br \/>\nAnd what if the writer had hidden another talent of this academician as a draughtsman, illustrator&#8230;<\/p>\n<p><a href=\"https:\/\/www.valdeloire-foretdorleans.com\/wp-content\/uploads\/2020\/09\/2017-Espace-Maurice-Genevoix-Saint-Denis-de-lHotel.pdf\" target=\"_blank\" rel=\"noopener\"><span style=\"color: #3366ff;\"><strong><span style=\"color: #00ccff;\">See the leaflet<\/span><\/strong><\/span><\/a>\u00a0 \u2666 <strong><span style=\"color: #00ccff;\"><a style=\"color: #00ccff;\" href=\"https:\/\/www.valdeloire-foretdorleans.com\/exposition-permanente-maurice-genevoix\/\" target=\"_blank\" rel=\"noopener noreferrer\">\u00a0Open Tuesday to Sunday<\/a><\/span><\/strong>[\/vc_column_text][vc_empty_space][vc_separator color=&#8221;sky&#8221; style=&#8221;shadow&#8221; border_width=&#8221;3&#8243;][vc_empty_space][\/vc_column][vc_column width=&#8221;1\/4&#8243;][vc_single_image][\/vc_column][\/vc_row][vc_row][vc_column width=&#8221;1\/4&#8243;][vc_single_image][\/vc_column][vc_column width=&#8221;3\/4&#8243;][vc_column_text]<span style=\"font-size: 18pt;\"><strong>Ch\u00e2teauneuf-sur-Loire, tourism and history<\/strong><\/span><br \/>\n<span style=\"font-size: 14pt;\"><strong>by Les Amis du mus\u00e9e de la marine de Loire et du vieux Ch\u00e2teauneuf<\/strong><\/span>[\/vc_column_text][vc_column_text]Are you a subscriber to the publications of the Friends of the Mus\u00e9e de la Marine de Loire et du Vieux Ch\u00e2teauneuf? In 2015, Special 84 invites you in particular to discover Ch\u00e2teauneuf-sur-Loire.<\/p>\n<p>After the heritage classes, a Maurice-Genevoix tour takes you from the Magasin to the Asile, or from the little paths to Grandma&#8217;s house&#8230;<\/p>\n<p><strong><a href=\"https:\/\/www.valdeloire-foretdorleans.com\/pratique\/horaires-office\/\" target=\"_blank\" rel=\"noopener\"><span style=\"color: #00ff00;\">Book on sale 10\u20ac at the Ch\u00e2teauneuf Tourist Office.<\/span><\/a><\/strong>[\/vc_column_text][vc_empty_space][vc_separator color=&#8221;green&#8221; style=&#8221;shadow&#8221; border_width=&#8221;3&#8243;][vc_empty_space][\/vc_column][\/vc_row][vc_row][vc_column width=&#8221;3\/4&#8243;][vc_column_text]<span style=\"font-size: 18pt;\"><strong>Saint-Denis-de-l&#8217;H\u00f4tel or the Vernelles<\/strong><\/span><br \/>\n<span style=\"font-size: 14pt;\"><strong>texts and illustrations chosen by Madame Suzanne Maurice Genevoix<\/strong><\/span>[\/vc_column_text][vc_column_text]Find quotes chosen by Maurice Genevoix&#8217;s wife to illustrate the first Saint-Denis-de-l&#8217;H\u00f4tel leaflet dedicated to the writer from Les Vernelles.<\/p>\n<p>What are your favorite extracts? First of all, Les \u00c9parges, with its descriptions of shells that make you tremble under the force of the words, even though you&#8217;re sitting comfortably in your armchair? Then there&#8217;s R\u00e9mi des Rauches, whose passion for the revered Loire takes you along for the ride? Or will Raboliot, lurking in the hidden, inhabited Sologne, surprise you at the turn of a grove? Or perhaps the For\u00eat Voisine or La derni\u00e8re Harde will delight you in our mysterious Orl\u00e9ans forest&#8230;<\/p>\n<p>Moving memories of rich encounters and exchanges at Les Vernelles with Madame Genevoix for the production of this brochure!<\/p>\n<p><strong><a href=\"https:\/\/www.valdeloire-foretdorleans.com\/wp-content\/uploads\/2020\/09\/1998-Maurice-Genevoix-Office-de-Tourisme-CSL-Mairie-SDH.pdf\" target=\"_blank\" rel=\"noopener\"><span style=\"color: #00ccff;\">Consult this testimonial brochure.<\/span><\/a><\/strong>[\/vc_column_text][vc_empty_space][vc_separator color=&#8221;sky&#8221; style=&#8221;shadow&#8221; border_width=&#8221;3&#8243;][vc_empty_space][\/vc_column][vc_column width=&#8221;1\/4&#8243;][vc_single_image][\/vc_column][\/vc_row][vc_row][vc_column width=&#8221;1\/4&#8243;][vc_single_image][\/vc_column][vc_column width=&#8221;3\/4&#8243;][vc_column_text]<span style=\"font-size: 18pt;\"><strong>Maurice Genevoix, of the Loire and of glory<\/strong><\/span><br \/>\n<span style=\"font-size: 14pt;\"><strong>at Saint-Denis-de-l&#8217;H\u00f4tel, aux Vernelles<\/strong><\/span>[\/vc_column_text][vc_column_text]Remember: From September 25 to 27, 2020, an exceptional show was given in honor of Maurice Genevoix. First, you enter Les Vernelles, the emblematic home of the writer and perpetual secretary of the Acad\u00e9mie Fran\u00e7aise.<\/p>\n<p>&#8220;Maurice Genevoix, de Loire et de gloire&#8221; is performed by Vincent Barraud, actor, and Julien Larere-Genevoix, the writer&#8217;s grandson, who enriches the writer&#8217;s words with family memories from his mother Sylvie Genevoix. In these exceptional conditions, listen to and dream about the most beautiful extracts from his work. Enjoy the richness of these festivities over a weekend in Saint-Denis-de-l&#8217;H\u00f4tel, Loiret.<\/p>\n<p>Before the show, preview the &#8220;Genevoix au vent de galerne&#8221; exhibition, then visit the Vernelles house so dear to the Prix Goncourt winner, where he wrote most of his work. And above all, enjoy a &#8220;andouille de Jargeau&#8221;, a local specialty much appreciated by this gourmet. It&#8217;s likely to be served with &#8220;C\u00f4tes de Meuse&#8221; wines from Les \u00c9parges.<\/p>\n<p>How fortunate we were to have Julien Larere-Genevoix as our guide to introduce us to the Vernelles house.<\/p>\n<p><strong><span style=\"color: #00ccff;\"><a style=\"color: #00ccff;\" href=\"https:\/\/www.valdeloire-foretdorleans.com\/wp-content\/uploads\/2020\/09\/2020.09.25-Maurice-Genevoix-de-Loire-et-de-Gloire-programme.pdf\" target=\"_blank\" rel=\"noopener noreferrer\">Find out more about the souvenir program<\/a><\/span><\/strong> \u2666 ticket office: <span style=\"color: #00ccff;\"><a style=\"color: #00ccff;\" href=\"https:\/\/www.helloasso.com\/associations\/societe-des-amis-de-maurice-genevoix\/evenements\/de-loire-et-de-gloire\">helloasso.co<\/a><a style=\"color: #00ccff;\" href=\"https:\/\/www.helloasso.com\/associations\/societe-des-amis-de-maurice-genevoix\/evenements\/de-loire-et-de-gloire\">m<\/a><\/span>[\/vc_column_text][vc_empty_space][vc_separator color=&#8221;green&#8221; style=&#8221;shadow&#8221; border_width=&#8221;3&#8243;][vc_empty_space][\/vc_column][\/vc_row][vc_row][vc_column width=&#8221;3\/4&#8243;][vc_column_text]<span style=\"font-size: 18pt;\"><strong>In the footsteps of Maurice Genevoix<\/strong><\/span><br \/>\n<span style=\"font-size: 14pt;\"><strong>in Ch\u00e2teauneuf-sur-Loire<\/strong><\/span>[\/vc_column_text][vc_column_text]Remember: in autumn 2020, the town of Ch\u00e2teauneuf-sur-Loire invited you to pay tribute to Maurice Genevoix.<br \/>\n&#8211; Son et lumi\u00e8re&#8221; events in October, featuring texts on the writer&#8217;s life in Ch\u00e2teauneuf, the Loire and ecology: every Friday, Saturday and Sunday at 8 p.m., 8:15 p.m. and 8:30 p.m. in the Place du Port, with the Ch\u00e2teauneuf bridge as the main attraction,<br \/>\n&#8211; a read-aloud &#8220;Au cadran de mon clocher&#8221; at the Mus\u00e9e de la Marine de Loire on November 7,<br \/>\n&#8211; a grand spectacle with fireworks on November 7.<br \/>\n&#8211; To immortalize these events, a cultural tour in the footsteps of the Academician will take you through the streets of Ch\u00e2teauneuf-sur-Loire,<br \/>\n&#8211; And don&#8217;t forget the new space dedicated to Maurice Genevoix at the Mus\u00e9e de la Marine de Loire&#8230;<\/p>\n<p><span style=\"color: #00ff00;\"><b>The souvenir program\u00a0<\/b><\/span>[\/vc_column_text][\/vc_column][vc_column width=&#8221;1\/4&#8243;][vc_single_image][\/vc_column][\/vc_row][vc_row][vc_column][vc_empty_space][vc_separator color=&#8221;black&#8221; style=&#8221;dotted&#8221; border_width=&#8221;5&#8243;][\/vc_column][\/vc_row]<\/p>\n<\/div>","protected":false},"excerpt":{"rendered":"<p>[vc_row][vc_column width=&#8221;3\/4&#8243;][vc_column_text]Cultural tour in memory of Maurice Genevoix in Ch\u00e2teauneuf-sur-Loire[\/vc_column_text][vc_empty_space][vc_column_text]Do you know Ceux de 14? Probably! And Raboliot? And La for\u00eat voisine? Ch\u00e2teauneuf-sur-Loire invites you to discover the places where Maurice Genevoix grew up, and which inspired much of his work after Ceux de 14. &nbsp; This cultural tour\u00a0in the footsteps of the French academician [&hellip;]<\/p>\n","protected":false},"author":9,"featured_media":1198587,"parent":398938,"menu_order":5,"comment_status":"closed","ping_status":"closed","template":"","meta":{"_acf_changed":false,"footnotes":""},"class_list":["post-1194941","page","type-page","status-publish","has-post-thumbnail","hentry"],"acf":[],"_links":{"self":[{"href":"https:\/\/www.valdeloire-foretdorleans.com\/en\/wp-json\/wp\/v2\/pages\/1194941","targetHints":{"allow":["GET"]}}],"collection":[{"href":"https:\/\/www.valdeloire-foretdorleans.com\/en\/wp-json\/wp\/v2\/pages"}],"about":[{"href":"https:\/\/www.valdeloire-foretdorleans.com\/en\/wp-json\/wp\/v2\/types\/page"}],"author":[{"embeddable":true,"href":"https:\/\/www.valdeloire-foretdorleans.com\/en\/wp-json\/wp\/v2\/users\/9"}],"replies":[{"embeddable":true,"href":"https:\/\/www.valdeloire-foretdorleans.com\/en\/wp-json\/wp\/v2\/comments?post=1194941"}],"version-history":[{"count":5,"href":"https:\/\/www.valdeloire-foretdorleans.com\/en\/wp-json\/wp\/v2\/pages\/1194941\/revisions"}],"predecessor-version":[{"id":1194946,"href":"https:\/\/www.valdeloire-foretdorleans.com\/en\/wp-json\/wp\/v2\/pages\/1194941\/revisions\/1194946"}],"up":[{"embeddable":true,"href":"https:\/\/www.valdeloire-foretdorleans.com\/en\/wp-json\/wp\/v2\/pages\/398938"}],"wp:featuredmedia":[{"embeddable":true,"href":"https:\/\/www.valdeloire-foretdorleans.com\/en\/wp-json\/wp\/v2\/media\/1198587"}],"wp:attachment":[{"href":"https:\/\/www.valdeloire-foretdorleans.com\/en\/wp-json\/wp\/v2\/media?parent=1194941"}],"curies":[{"name":"wp","href":"https:\/\/api.w.org\/{rel}","templated":true}]}}