{"id":1194907,"date":"2023-08-01T13:41:33","date_gmt":"2023-08-01T13:41:33","guid":{"rendered":"https:\/\/www.valdeloire-foretdorleans.com\/?page_id=1194907"},"modified":"2023-10-28T14:56:24","modified_gmt":"2023-10-28T14:56:24","slug":"cycling-routes-and-itineraries","status":"publish","type":"page","link":"https:\/\/www.valdeloire-foretdorleans.com\/en\/cycling-routes-and-itineraries\/","title":{"rendered":"Cycling routes and itineraries"},"content":{"rendered":"<div class=\"wpb-content-wrapper\"><p>[vc_row][vc_column width=&#8221;1\/4&#8243;][\/vc_column][vc_column width=&#8221;1\/2&#8243;][vc_raw_html]JTNDaWZyYW1lJTIwd2lkdGglM0QlMjI1NjAlMjIlMjBoZWlnaHQlM0QlMjIzMTUlMjIlMjBzcmMlM0QlMjJodHRwcyUzQSUyRiUyRnd3dy55b3V0dWJlLmNvbSUyRmVtYmVkJTJGanhwSU40ZE80eGslMjIlMjB0aXRsZSUzRCUyMllvdVR1YmUlMjB2aWRlbyUyMHBsYXllciUyMiUyMGZyYW1lYm9yZGVyJTNEJTIyMCUyMiUyMGFsbG93JTNEJTIyYWNjZWxlcm9tZXRlciUzQiUyMGF1dG9wbGF5JTNCJTIwY2xpcGJvYXJkLXdyaXRlJTNCJTIwZW5jcnlwdGVkLW1lZGlhJTNCJTIwZ3lyb3Njb3BlJTNCJTIwcGljdHVyZS1pbi1waWN0dXJlJTNCJTIwd2ViLXNoYXJlJTIyJTIwYWxsb3dmdWxsc2NyZWVuJTNFJTNDJTJGaWZyYW1lJTNF[\/vc_raw_html][vc_column_text]<\/p>\n<h2 style=\"text-align: center;\">Discover La Loire \u00e0 V\u00e9lo, ride through the Orl\u00e9ans forest and along the canal.<\/h2>\n<p>[\/vc_column_text][vc_empty_space][\/vc_column][vc_column width=&#8221;1\/4&#8243;][\/vc_column][\/vc_row][vc_row][vc_column][vc_column_text]<\/p>\n<h2 style=\"text-align: center;\"><span style=\"color: #000080;\">Download and print circuits<\/span><\/h2>\n<p>[\/vc_column_text][vc_empty_space height=&#8221;55px&#8221;][\/vc_column][\/vc_row][vc_row][vc_column width=&#8221;1\/3&#8243;][vc_empty_space][vc_column_text]<\/p>\n<p style=\"text-align: center;\"><strong>Les Loges by bike &#8211; Loop 18<\/strong><br \/>\n<strong>In the footsteps of Maurice Genevoix<\/strong><br \/>\n<strong>25 km<\/strong><\/p>\n<p>[\/vc_column_text][vc_single_image image=&#8221;1188183&#8243; img_size=&#8221;large&#8221; alignment=&#8221;center&#8221; onclick=&#8221;img_link_large&#8221; img_link_target=&#8221;_blank&#8221;][vc_column_text]<\/p>\n<p style=\"text-align: center;\"><a href=\"https:\/\/www.valdeloire-foretdorleans.com\/wp-content\/uploads\/2022\/07\/Boucle-18-Dans-les-pas-de-Maurice-Genevoix_.pdf\" target=\"_blank\" rel=\"noopener\"><span style=\"font-size: 12pt;\"><strong><em>Click here to download the itinerary<\/em><\/strong><\/span><\/a><\/p>\n<p>[\/vc_column_text][vc_empty_space][\/vc_column][vc_column width=&#8221;1\/3&#8243;][vc_empty_space][vc_column_text]<\/p>\n<p style=\"text-align: center;\"><strong>Les Loges by bike &#8211; Loop 19<\/strong><br \/>\n<strong>In the mechanics of Petit Pierre<\/strong><br \/>\n<strong>26 km<\/strong><\/p>\n<p>[\/vc_column_text][vc_single_image image=&#8221;1188195&#8243; img_size=&#8221;large&#8221; alignment=&#8221;center&#8221; onclick=&#8221;img_link_large&#8221; img_link_target=&#8221;_blank&#8221;][vc_column_text]<\/p>\n<p style=\"text-align: center;\"><a href=\"https:\/\/www.valdeloire-foretdorleans.com\/wp-content\/uploads\/2022\/07\/Boucle-19-Dans-la-mecanique-de-Petit-Pierre.pdf\" target=\"_blank\" rel=\"noopener\"><span style=\"font-size: 12pt;\"><strong><em>Click here to download the itinerary<\/em><\/strong><\/span><\/a><\/p>\n<p>[\/vc_column_text][vc_empty_space][\/vc_column][vc_column width=&#8221;1\/3&#8243;][vc_empty_space][vc_column_text]<\/p>\n<p style=\"text-align: center;\"><strong>Les Loges by bike &#8211; Loop 20<\/strong><br \/>\n<strong>Between the Loire and the Canal<\/strong><br \/>\n<strong>14 km<\/strong><\/p>\n<p>[\/vc_column_text][vc_single_image image=&#8221;1188169&#8243; img_size=&#8221;large&#8221; alignment=&#8221;center&#8221; onclick=&#8221;img_link_large&#8221; img_link_target=&#8221;_blank&#8221;][vc_column_text]<\/p>\n<p style=\"text-align: center;\"><a href=\"https:\/\/www.valdeloire-foretdorleans.com\/wp-content\/uploads\/2022\/07\/Liaison-20-Entre-Loire-et-Canal.pdf\" target=\"_blank\" rel=\"noopener\"><span style=\"font-size: 12pt;\"><strong><em>Click here to download the itinerary<\/em><\/strong><\/span><\/a><\/p>\n<p>[\/vc_column_text][vc_empty_space][\/vc_column][\/vc_row][vc_row][vc_column width=&#8221;1\/3&#8243;][vc_empty_space][vc_column_text]<\/p>\n<p style=\"text-align: center;\"><strong>Scandib\u00e9rique &#8211; Loire by bike<\/strong><br \/>\n<strong>from Sully-sur-Loire to Ch\u00e2teauneuf-sur-Loire<\/strong><br \/>\n<strong>23 km<\/strong><\/p>\n<p>[\/vc_column_text][vc_single_image image=&#8221;1184648&#8243; img_size=&#8221;large&#8221; alignment=&#8221;center&#8221; onclick=&#8221;img_link_large&#8221; img_link_target=&#8221;_blank&#8221;][vc_column_text]<\/p>\n<p style=\"text-align: center;\"><a href=\"https:\/\/www.valdeloire-foretdorleans.com\/wp-content\/uploads\/2022\/04\/Velo-Scandiberique-Sully-sur-Loire-a-Chateauneuf-sur-Loire.pdf\" target=\"_blank\" rel=\"noopener\"><span style=\"font-size: 12pt;\"><strong><em>Click here to download the itinerary<\/em><\/strong><\/span><\/a><\/p>\n<p>[\/vc_column_text][vc_empty_space][\/vc_column][vc_column width=&#8221;1\/3&#8243;][vc_empty_space][vc_column_text]<\/p>\n<p style=\"text-align: center;\"><strong>Scandib\u00e9rique &#8211; Loire by bike<\/strong><br \/>\n<strong>from Ch\u00e2teauneuf-sur-Loire to Saint-Denis-en-val<\/strong><br \/>\n<strong>22 km<\/strong><\/p>\n<p>[\/vc_column_text][vc_single_image image=&#8221;1184650&#8243; img_size=&#8221;large&#8221; alignment=&#8221;center&#8221; onclick=&#8221;img_link_large&#8221; img_link_target=&#8221;_blank&#8221;][vc_column_text]<\/p>\n<p style=\"text-align: center;\"><a href=\"https:\/\/www.valdeloire-foretdorleans.com\/wp-content\/uploads\/2022\/04\/Velo-Scandiberique-de-Chateauneuf-sur-Loire-a-Saint-Denis-en-Val.pdf\" target=\"_blank\" rel=\"noopener\"><span style=\"font-size: 12pt;\"><strong><em>Click here to download the itinerary<\/em><\/strong><\/span><\/a><\/p>\n<p>[\/vc_column_text][vc_empty_space][\/vc_column][vc_column width=&#8221;1\/3&#8243;][vc_empty_space][vc_column_text]<\/p>\n<p style=\"text-align: center;\"><strong>Loop 13<\/strong><br \/>\n<strong>The Loire by bike via Ch\u00e9cy<\/strong><br \/>\n<strong>14 km<\/strong><\/p>\n<p>[\/vc_column_text][vc_single_image image=&#8221;1184621&#8243; img_size=&#8221;large&#8221; alignment=&#8221;center&#8221; onclick=&#8221;img_link_large&#8221; img_link_target=&#8221;_blank&#8221;][vc_column_text]<\/p>\n<p style=\"text-align: center;\"><a href=\"https:\/\/www.valdeloire-foretdorleans.com\/wp-content\/uploads\/2022\/04\/La-Loire-a-velo-par-Checy.pdf\" target=\"_blank\" rel=\"noopener\"><span style=\"font-size: 12pt;\"><strong><em>Click here to download the itinerary<\/em><\/strong><\/span><\/a><\/p>\n<p>[\/vc_column_text][vc_empty_space][\/vc_column][\/vc_row][vc_row][vc_column width=&#8221;1\/3&#8243;][vc_empty_space][vc_column_text]<\/p>\n<p style=\"text-align: center;\"><strong>Loop n\u00b05<\/strong><br \/>\n<strong>Crochet solognot<\/strong><br \/>\n<strong>31 km<\/strong><\/p>\n<p>[\/vc_column_text][vc_single_image image=&#8221;1184613&#8243; img_size=&#8221;large&#8221; alignment=&#8221;center&#8221; onclick=&#8221;img_link_large&#8221; img_link_target=&#8221;_blank&#8221;][vc_column_text]<\/p>\n<p style=\"text-align: center;\"><a href=\"https:\/\/www.valdeloire-foretdorleans.com\/wp-content\/uploads\/2022\/04\/Crochet-solognot.pdf\" target=\"_blank\" rel=\"noopener\"><span style=\"font-size: 12pt;\"><strong><em>Click here to download the itinerary<\/em><\/strong><\/span><\/a><\/p>\n<p>[\/vc_column_text][vc_empty_space][\/vc_column][vc_column width=&#8221;1\/3&#8243;][vc_empty_space][vc_column_text]<\/p>\n<p style=\"text-align: center;\"><strong>Loop n\u00b06<\/strong><br \/>\n<strong>River detour<\/strong><br \/>\n<strong>22 km<\/strong><\/p>\n<p>[\/vc_column_text][vc_single_image image=&#8221;1184599&#8243; img_size=&#8221;large&#8221; alignment=&#8221;center&#8221; onclick=&#8221;img_link_large&#8221; img_link_target=&#8221;_blank&#8221;][vc_column_text]<\/p>\n<p style=\"text-align: center;\"><a href=\"https:\/\/www.valdeloire-foretdorleans.com\/wp-content\/uploads\/2022\/04\/Detour-fluvial.pdf\" target=\"_blank\" rel=\"noopener\"><span style=\"font-size: 12pt;\"><strong><em>Click here to download the itinerary<\/em><\/strong><\/span><\/a><\/p>\n<p>[\/vc_column_text][vc_empty_space][\/vc_column][vc_column width=&#8221;1\/3&#8243;][vc_empty_space][vc_column_text]<\/p>\n<p style=\"text-align: center;\"><strong>Loop 7<\/strong><br \/>\n<strong>Between canal and forest<\/strong><br \/>\n<strong>34 km<\/strong><\/p>\n<p>[\/vc_column_text][vc_single_image image=&#8221;1184607&#8243; img_size=&#8221;large&#8221; alignment=&#8221;center&#8221; onclick=&#8221;img_link_large&#8221; img_link_target=&#8221;_blank&#8221;][vc_column_text]<\/p>\n<p style=\"text-align: center;\"><a href=\"https:\/\/www.valdeloire-foretdorleans.com\/wp-content\/uploads\/2022\/04\/Entre-canal-et-foret.pdf\" target=\"_blank\" rel=\"noopener\"><span style=\"font-size: 12pt;\"><strong><em>Click here to download the itinerary<\/em><\/strong><\/span><\/a><\/p>\n<p>[\/vc_column_text][vc_empty_space][\/vc_column][\/vc_row][vc_row][vc_column width=&#8221;1\/3&#8243;][vc_empty_space][vc_column_text]<\/p>\n<p style=\"text-align: center;\"><strong>Loop no. 8<\/strong><br \/>\n<strong>At the gateway to France&#8217;s largest national forest<\/strong><br \/>\n<strong>22 km<\/strong><\/p>\n<p>[\/vc_column_text][vc_single_image image=&#8221;1184613&#8243; img_size=&#8221;large&#8221; alignment=&#8221;center&#8221; onclick=&#8221;img_link_large&#8221; img_link_target=&#8221;_blank&#8221;][vc_column_text]<\/p>\n<p style=\"text-align: center;\"><span style=\"font-size: 12pt;\"><a href=\"https:\/\/www.valdeloire-foretdorleans.com\/wp-content\/uploads\/2022\/04\/Aux-portes-de-la-foret-dOrleans.pdf\" target=\"_blank\" rel=\"noopener\"><strong><em>Click here to download the itinerary<\/em><\/strong><\/a><\/span><\/p>\n<p>[\/vc_column_text][vc_empty_space][\/vc_column][vc_column width=&#8221;1\/3&#8243;][vc_empty_space][vc_column_text]<\/p>\n<p style=\"text-align: center;\"><strong>Etang de la Vall\u00e9e leisure park<\/strong><br \/>\n<strong>Mountain bike circuits 8 and 14 km<\/strong><\/p>\n<p>[\/vc_column_text][vc_single_image image=&#8221;1184617&#8243; img_size=&#8221;large&#8221; alignment=&#8221;center&#8221; onclick=&#8221;img_link_large&#8221; img_link_target=&#8221;_blank&#8221;][vc_column_text]<\/p>\n<p style=\"text-align: center;\"><a href=\"https:\/\/www.valdeloire-foretdorleans.com\/wp-content\/uploads\/2022\/04\/Etang-de-la-Vallee.pdf\" target=\"_blank\" rel=\"noopener\"><span style=\"font-size: 12pt;\"><strong><em>Click here to download the itinerary<\/em><\/strong><\/span><\/a><\/p>\n<p>[\/vc_column_text][vc_empty_space][\/vc_column][vc_column width=&#8221;1\/3&#8243;][vc_empty_space][vc_column_text]<\/p>\n<p style=\"text-align: center;\"><strong>Route de la rose &#8211; northern circuit<\/strong><br \/>\n<strong>110 km<\/strong><\/p>\n<p>[\/vc_column_text][vc_single_image image=&#8221;1184671&#8243; img_size=&#8221;large&#8221; alignment=&#8221;center&#8221; onclick=&#8221;img_link_large&#8221; img_link_target=&#8221;_blank&#8221;][vc_column_text]<\/p>\n<p style=\"text-align: center;\"><a href=\"https:\/\/www.loiretbalades.fr\/fr\/circuits-de-la-route-de-la-rose?mb_page=circuit&amp;mb_id=219968&amp;mb_titre=route-de-la-rose-circuit-nord&amp;mbScrollTo=module\" target=\"_blank\" rel=\"noopener\"><span style=\"font-size: 12pt;\"><strong><em>Click here to download the itinerary<\/em><\/strong><\/span><\/a><\/p>\n<p>[\/vc_column_text][vc_empty_space][\/vc_column][\/vc_row][vc_row][vc_column width=&#8221;1\/3&#8243;][vc_empty_space][vc_column_text]<\/p>\n<p style=\"text-align: center;\"><strong>Memory walk<\/strong><br \/>\n<strong>Route 1 &#8211; Ch\u00e2teauneuf-sur-Loire, Pithiviers<\/strong><br \/>\n<strong>105 km<\/strong><\/p>\n<p>[\/vc_column_text][vc_single_image image=&#8221;1184675&#8243; img_size=&#8221;large&#8221; alignment=&#8221;center&#8221; onclick=&#8221;img_link_large&#8221; img_link_target=&#8221;_blank&#8221;][vc_column_text]<\/p>\n<p style=\"text-align: center;\"><a href=\"https:\/\/www.loiretbalades.fr\/fr\/randonnee-de-la-memoire?mb_page=circuit&amp;mb_id=164023&amp;mb_titre=randonnee-de-la-memoire-circuit-1-chateauneuf-sur-loire-pithiviers&amp;mbScrollTo=module\" target=\"_blank\" rel=\"noopener\"><span style=\"font-size: 12pt;\"><strong><em>Click here to download the itinerary<\/em><\/strong><\/span><\/a><\/p>\n<p>[\/vc_column_text][vc_empty_space][\/vc_column][vc_column width=&#8221;1\/3&#8243;][vc_empty_space][vc_column_text]<\/p>\n<p style=\"text-align: center;\"><strong>Memory walk<\/strong><br \/>\n<strong>Route 2 &#8211; Ch\u00e2teauneuf-sur-Loire, Beaune la Rolande<\/strong><br \/>\n<strong>90 km<\/strong><\/p>\n<p>[\/vc_column_text][vc_single_image image=&#8221;1184679&#8243; img_size=&#8221;large&#8221; alignment=&#8221;center&#8221; onclick=&#8221;img_link_large&#8221; img_link_target=&#8221;_blank&#8221;][vc_column_text]<\/p>\n<p style=\"text-align: center;\"><a href=\"https:\/\/www.loiretbalades.fr\/fr\/randonnee-de-la-memoire?mb_page=circuit&amp;mb_id=164025&amp;mb_titre=randonnee-de-la-memoire-circuit-2-chateauneuf-sur-loire-beaune-la-rolande-bellegarde&amp;mbScrollTo=module\" target=\"_blank\" rel=\"noopener\"><span style=\"font-size: 12pt;\"><strong><em>Click here to download the itinerary<\/em><\/strong><\/span><\/a><\/p>\n<p>[\/vc_column_text][vc_empty_space][\/vc_column][vc_column width=&#8221;1\/3&#8243;][vc_empty_space][vc_column_text]<\/p>\n<p style=\"text-align: center;\"><strong>Memory walk<\/strong><br \/>\n<strong>Route 3 &#8211; Ch\u00e2teauneuf-sur-Loire, Gien<\/strong><br \/>\n<strong>109 km<\/strong><\/p>\n<p>[\/vc_column_text][vc_single_image image=&#8221;1184683&#8243; img_size=&#8221;large&#8221; alignment=&#8221;center&#8221; onclick=&#8221;img_link_large&#8221; img_link_target=&#8221;_blank&#8221;][vc_column_text]<\/p>\n<p style=\"text-align: center;\"><a href=\"https:\/\/www.loiretbalades.fr\/fr\/randonnee-de-la-memoire?mb_page=circuit&amp;mb_id=164026&amp;mb_titre=randonnee-de-la-memoire-circuit-3-chateauneuf-sur-loire-lorris-gien-sully-sur-loire&amp;mbScrollTo=module\" target=\"_blank\" rel=\"noopener\"><span style=\"font-size: 12pt;\"><strong><em>Click here to download the itinerary<\/em><\/strong><\/span><\/a><\/p>\n<p>[\/vc_column_text][vc_empty_space][\/vc_column][\/vc_row][vc_row][vc_column width=&#8221;1\/3&#8243;][vc_empty_space][vc_column_text]<\/p>\n<p style=\"text-align: center;\"><strong>Memory walk<\/strong><br \/>\n<strong>Route 4 &#8211; Ch\u00e2teauneuf-sur-Loire, La Fert\u00e9 Saint-Aubin, Orl\u00e9ans<\/strong><br \/>\n<strong>91 km<\/strong><\/p>\n<p>[\/vc_column_text][vc_single_image image=&#8221;1184692&#8243; img_size=&#8221;large&#8221; alignment=&#8221;center&#8221; onclick=&#8221;img_link_large&#8221; img_link_target=&#8221;_blank&#8221;][vc_column_text]<\/p>\n<p style=\"text-align: center;\"><a href=\"https:\/\/www.loiretbalades.fr\/fr\/randonnee-de-la-memoire?mb_page=circuit&amp;mb_id=164027&amp;mb_titre=randonnee-de-la-memoire-circuit-4-chateauneuf-sur-loire-la-ferte-saint-aubin-orleans&amp;mbScrollTo=module\" target=\"_blank\" rel=\"noopener\"><span style=\"font-size: 12pt;\"><strong><em>Click here to download the itinerary<\/em><\/strong><\/span><\/a><\/p>\n<p>[\/vc_column_text][vc_empty_space][\/vc_column][\/vc_row][vc_row][vc_column][vc_empty_space][vc_column_text]<\/p>\n<h2 style=\"text-align: center;\"><span style=\"color: #333333;\">Find here <strong><a href=\"https:\/\/www.valdeloire-foretdorleans.com\/wp-content\/uploads\/2022\/04\/Velo-Scandiberique.pdf\" target=\"_blank\" rel=\"noopener\">the Scandib\u00e9rique route<\/a><\/strong> in Loiret<\/span><\/h2>\n<h2 style=\"text-align: center;\"><span style=\"color: #333333;\"><a style=\"color: #333333;\" href=\"https:\/\/www.valdeloire-foretdorleans.com\/wp-content\/uploads\/2022\/04\/Velo-Boucles-Velo.pdf\" target=\"_blank\" rel=\"noopener\">Here <\/a>you&#8217;ll find <a href=\"https:\/\/www.valdeloire-foretdorleans.com\/wp-content\/uploads\/2022\/04\/Velo-Boucles-Velo.pdf\" target=\"_blank\" rel=\"noopener\">all the signposted cycle routes<\/a> in Loiret.<\/span><\/h2>\n<h2 style=\"text-align: center;\"><span style=\"color: #333333;\">As well as all <a href=\"https:\/\/www.loiretbalades.fr\/fr\" target=\"_blank\" rel=\"noopener\">the walking trails on the Loiret Balades website<\/a>.<\/span><\/h2>\n<p>[\/vc_column_text][vc_empty_space][\/vc_column][\/vc_row]<\/p>\n<\/div>","protected":false},"excerpt":{"rendered":"<p>[vc_row][vc_column width=&#8221;1\/4&#8243;][\/vc_column][vc_column width=&#8221;1\/2&#8243;][vc_raw_html]JTNDaWZyYW1lJTIwd2lkdGglM0QlMjI1NjAlMjIlMjBoZWlnaHQlM0QlMjIzMTUlMjIlMjBzcmMlM0QlMjJodHRwcyUzQSUyRiUyRnd3dy55b3V0dWJlLmNvbSUyRmVtYmVkJTJGanhwSU40ZE80eGslMjIlMjB0aXRsZSUzRCUyMllvdVR1YmUlMjB2aWRlbyUyMHBsYXllciUyMiUyMGZyYW1lYm9yZGVyJTNEJTIyMCUyMiUyMGFsbG93JTNEJTIyYWNjZWxlcm9tZXRlciUzQiUyMGF1dG9wbGF5JTNCJTIwY2xpcGJvYXJkLXdyaXRlJTNCJTIwZW5jcnlwdGVkLW1lZGlhJTNCJTIwZ3lyb3Njb3BlJTNCJTIwcGljdHVyZS1pbi1waWN0dXJlJTNCJTIwd2ViLXNoYXJlJTIyJTIwYWxsb3dmdWxsc2NyZWVuJTNFJTNDJTJGaWZyYW1lJTNF[\/vc_raw_html][vc_column_text] Discover La Loire \u00e0 V\u00e9lo, ride through the Orl\u00e9ans forest and along the canal. [\/vc_column_text][vc_empty_space][\/vc_column][vc_column width=&#8221;1\/4&#8243;][\/vc_column][\/vc_row][vc_row][vc_column][vc_column_text] Download and print circuits [\/vc_column_text][vc_empty_space height=&#8221;55px&#8221;][\/vc_column][\/vc_row][vc_row][vc_column width=&#8221;1\/3&#8243;][vc_empty_space][vc_column_text] Les Loges by bike &#8211; Loop 18 In the footsteps of Maurice Genevoix 25 km [\/vc_column_text][vc_single_image image=&#8221;1188183&#8243; img_size=&#8221;large&#8221; alignment=&#8221;center&#8221; onclick=&#8221;img_link_large&#8221; img_link_target=&#8221;_blank&#8221;][vc_column_text] Click here to download the itinerary [\/vc_column_text][vc_empty_space][\/vc_column][vc_column width=&#8221;1\/3&#8243;][vc_empty_space][vc_column_text] [&hellip;]<\/p>\n","protected":false},"author":9,"featured_media":1184579,"parent":0,"menu_order":44,"comment_status":"closed","ping_status":"closed","template":"","meta":{"_acf_changed":false,"footnotes":""},"class_list":["post-1194907","page","type-page","status-publish","has-post-thumbnail","hentry"],"acf":[],"_links":{"self":[{"href":"https:\/\/www.valdeloire-foretdorleans.com\/en\/wp-json\/wp\/v2\/pages\/1194907","targetHints":{"allow":["GET"]}}],"collection":[{"href":"https:\/\/www.valdeloire-foretdorleans.com\/en\/wp-json\/wp\/v2\/pages"}],"about":[{"href":"https:\/\/www.valdeloire-foretdorleans.com\/en\/wp-json\/wp\/v2\/types\/page"}],"author":[{"embeddable":true,"href":"https:\/\/www.valdeloire-foretdorleans.com\/en\/wp-json\/wp\/v2\/users\/9"}],"replies":[{"embeddable":true,"href":"https:\/\/www.valdeloire-foretdorleans.com\/en\/wp-json\/wp\/v2\/comments?post=1194907"}],"version-history":[{"count":5,"href":"https:\/\/www.valdeloire-foretdorleans.com\/en\/wp-json\/wp\/v2\/pages\/1194907\/revisions"}],"predecessor-version":[{"id":1196009,"href":"https:\/\/www.valdeloire-foretdorleans.com\/en\/wp-json\/wp\/v2\/pages\/1194907\/revisions\/1196009"}],"wp:featuredmedia":[{"embeddable":true,"href":"https:\/\/www.valdeloire-foretdorleans.com\/en\/wp-json\/wp\/v2\/media\/1184579"}],"wp:attachment":[{"href":"https:\/\/www.valdeloire-foretdorleans.com\/en\/wp-json\/wp\/v2\/media?parent=1194907"}],"curies":[{"name":"wp","href":"https:\/\/api.w.org\/{rel}","templated":true}]}}